{"id":82,"date":"2024-10-28T15:45:48","date_gmt":"2024-10-28T18:45:48","guid":{"rendered":"https:\/\/homolog.planetaw.ag\/pg\/?page_id=82"},"modified":"2024-10-28T15:45:49","modified_gmt":"2024-10-28T18:45:49","slug":"area-de-concentracao-e-linhas-de-pesquisa","status":"publish","type":"page","link":"https:\/\/pg.oftalmodapaulista.com.br\/mp\/area-de-concentracao-e-linhas-de-pesquisa\/","title":{"rendered":"\u00c1rea de Concentra\u00e7\u00e3o e Linhas de Pesquisa"},"content":{"rendered":"\n<p><strong>\u00c1reas de Concentra\u00e7\u00e3o\/Linhas t\u00e9cnico-cient\u00edficas ou de pesquisa\/Projetos:<\/strong><\/p>\n\n\n\n<p>x. = \u00c1rea de concentra\u00e7\u00e3o<\/p>\n\n\n\n<p>x.x. = Linha t\u00e9cnico-cient\u00edfica ou de pesquisa<\/p>\n\n\n\n<h3 class=\"wp-block-heading\">Pesquisa, gest\u00e3o, tecnologia e sa\u00fade ocular<\/h3>\n\n\n\n<h4 class=\"wp-block-heading\">1.1. Terapia tecidual, biomateriais, f\u00e1rmacos e bioderivados em oftalmologia<\/h4>\n\n\n\n<p>Desenvolvimento de estrat\u00e9gias terap\u00eauticas e substitutos biol\u00f3gicos para restaurar, manter, substituir ou melhorar as fun\u00e7\u00f5es dos tecidos oculares.<\/p>\n\n\n\n<p>Desenvolvimento e valida\u00e7\u00e3o de t\u00e9cnicas, modelos, produtos e processos para preparo, armazenamento e distribui\u00e7\u00e3o de tecidos e c\u00e9lulas para uso no tratamento de doen\u00e7as oculares.<\/p>\n\n\n\n<p>Desenvolvimento de inova\u00e7\u00f5es em f\u00e1rmacos e bioderivados para promo\u00e7\u00e3o da sa\u00fade ocular.<\/p>\n\n\n\n<h4 class=\"wp-block-heading\">1.2. Avalia\u00e7\u00e3o do sistema visual, epidemiologia, preven\u00e7\u00e3o e impacto da defici\u00eancia visual<\/h4>\n\n\n\n<p>Desenvolvimento e estudos sobre fun\u00e7\u00f5es e estruturas do sistema visual.<\/p>\n\n\n\n<p>Desenvolvimento e estudos sobre epidemiologia, preven\u00e7\u00e3o e impacto da defici\u00eancia visual.<\/p>\n\n\n\n<p>Desenvolvimento e estudos de estrat\u00e9gias interdisciplinares para habilita\u00e7\u00e3o e reabilita\u00e7\u00e3o visual com foco na manuten\u00e7\u00e3o da capacidade f\u00edsica e cognitiva, da autonomia e independ\u00eancia, da inclus\u00e3o escolar, profissional e social, a fim de promover o bem-estar global e a plena participa\u00e7\u00e3o na sociedade<\/p>\n\n\n\n<h4 class=\"wp-block-heading\">1.3. Gest\u00e3o e qualidade na assist\u00eancia \u00e0 sa\u00fade<\/h4>\n\n\n\n<p>An\u00e1lise de necessidades, seguran\u00e7a, recursos (humanos, materiais e financeiros), qualidade e resultados em servi\u00e7os de assist\u00eancia \u00e0 sa\u00fade.<\/p>\n\n\n\n<p>Elabora\u00e7\u00e3o de produtos e processos para ganho de efici\u00eancia e melhoria da produtividade em servi\u00e7os de assist\u00eancia \u00e0 sa\u00fade.<\/p>\n\n\n\n<p>Regulamenta\u00e7\u00e3o e programa de qualidade incluindo defini\u00e7\u00e3o e gest\u00e3o de processos, monitoramento, informatiza\u00e7\u00e3o e automa\u00e7\u00e3o de processos de banco de tecidos.<\/p>\n\n\n\n<p>Farmacoeconomia: desenvolvimento e estudos de minimiza\u00e7\u00e3o de custo, custo-utilidade, custo benef\u00edcio e custo-efetividade em sa\u00fade.<\/p>\n\n\n\n<h4 class=\"wp-block-heading\">1.4. Tecnologia e inova\u00e7\u00e3o em sa\u00fade ocular<\/h4>\n\n\n\n<p>Definir e materializar inova\u00e7\u00f5es ligadas a \u00e1rea de instrumenta\u00e7\u00e3o de precis\u00e3o e dispositivos tecnol\u00f3gicos voltados para promo\u00e7\u00e3o da sa\u00fade.<\/p>\n\n\n\n<p>Desenvolvimento de estrat\u00e9gias, t\u00e9cnicas, produtos, dispositivos e equipamentos diagn\u00f3sticos e terap\u00eauticos para promo\u00e7\u00e3o da sa\u00fade.<\/p>\n\n\n\n<p>Desenvolvimento de dispositivos de tecnologia assistiva para habilita\u00e7\u00e3o e reabilita\u00e7\u00e3o visual para melhora da qualidade de vida.<\/p>\n\n\n\n<p>Desenvolvimento de algoritmos, aplicativos, recursos de telemedicina e softwares para aux\u00edlio diagn\u00f3stico e terap\u00eautico, difus\u00e3o de informa\u00e7\u00e3o, ensino e suporte profissional para preven\u00e7\u00e3o de doen\u00e7as e promo\u00e7\u00e3o da sa\u00fade.<\/p>\n\n\n\n<p>Desenvolvimento de produtos para ensino e informa\u00e7\u00e3o em sa\u00fade.<\/p>\n","protected":false},"excerpt":{"rendered":"<p>\u00c1reas de Concentra\u00e7\u00e3o\/Linhas t\u00e9cnico-cient\u00edficas ou de pesquisa\/Projetos: x. = \u00c1rea de concentra\u00e7\u00e3o x.x. = Linha t\u00e9cnico-cient\u00edfica ou de pesquisa Pesquisa, gest\u00e3o, tecnologia e sa\u00fade ocular 1.1. Terapia tecidual, biomateriais, f\u00e1rmacos e bioderivados em oftalmologia Desenvolvimento de estrat\u00e9gias terap\u00eauticas e substitutos biol\u00f3gicos para restaurar, manter, substituir ou melhorar as fun\u00e7\u00f5es dos tecidos oculares. Desenvolvimento e valida\u00e7\u00e3o [&hellip;]<\/p>\n","protected":false},"author":1,"featured_media":0,"parent":0,"menu_order":0,"comment_status":"closed","ping_status":"closed","template":"","meta":{"_acf_changed":false,"footnotes":""},"class_list":["post-82","page","type-page","status-publish","hentry"],"acf":[],"yoast_head":"<!-- This site is optimized with the Yoast SEO plugin v27.4 - https:\/\/yoast.com\/product\/yoast-seo-wordpress\/ -->\n<title>\u00c1rea de Concentra\u00e7\u00e3o e Linhas de Pesquisa - Mestrado Profissional em Tecnologia, Gest\u00e3o e Sa\u00fade Ocular da UNIFESP<\/title>\n<meta name=\"robots\" content=\"index, follow, max-snippet:-1, max-image-preview:large, max-video-preview:-1\" \/>\n<link rel=\"canonical\" href=\"https:\/\/pg.oftalmodapaulista.com.br\/mp\/area-de-concentracao-e-linhas-de-pesquisa\/\" \/>\n<meta property=\"og:locale\" content=\"pt_BR\" \/>\n<meta property=\"og:type\" content=\"article\" \/>\n<meta property=\"og:title\" content=\"\u00c1rea de Concentra\u00e7\u00e3o e Linhas de Pesquisa - Mestrado Profissional em Tecnologia, Gest\u00e3o e Sa\u00fade Ocular da UNIFESP\" \/>\n<meta property=\"og:description\" content=\"\u00c1reas de Concentra\u00e7\u00e3o\/Linhas t\u00e9cnico-cient\u00edficas ou de pesquisa\/Projetos: x. = \u00c1rea de concentra\u00e7\u00e3o x.x. = Linha t\u00e9cnico-cient\u00edfica ou de pesquisa Pesquisa, gest\u00e3o, tecnologia e sa\u00fade ocular 1.1. Terapia tecidual, biomateriais, f\u00e1rmacos e bioderivados em oftalmologia Desenvolvimento de estrat\u00e9gias terap\u00eauticas e substitutos biol\u00f3gicos para restaurar, manter, substituir ou melhorar as fun\u00e7\u00f5es dos tecidos oculares. Desenvolvimento e valida\u00e7\u00e3o [&hellip;]\" \/>\n<meta property=\"og:url\" content=\"https:\/\/pg.oftalmodapaulista.com.br\/mp\/area-de-concentracao-e-linhas-de-pesquisa\/\" \/>\n<meta property=\"og:site_name\" content=\"Mestrado Profissional em Tecnologia, Gest\u00e3o e Sa\u00fade Ocular da UNIFESP\" \/>\n<meta property=\"article:modified_time\" content=\"2024-10-28T18:45:49+00:00\" \/>\n<meta name=\"twitter:card\" content=\"summary_large_image\" \/>\n<meta name=\"twitter:label1\" content=\"Est. tempo de leitura\" \/>\n\t<meta name=\"twitter:data1\" content=\"2 minutos\" \/>\n<script type=\"application\/ld+json\" class=\"yoast-schema-graph\">{\"@context\":\"https:\\\/\\\/schema.org\",\"@graph\":[{\"@type\":\"WebPage\",\"@id\":\"https:\\\/\\\/pg.oftalmodapaulista.com.br\\\/mp\\\/area-de-concentracao-e-linhas-de-pesquisa\\\/\",\"url\":\"https:\\\/\\\/pg.oftalmodapaulista.com.br\\\/mp\\\/area-de-concentracao-e-linhas-de-pesquisa\\\/\",\"name\":\"\u00c1rea de Concentra\u00e7\u00e3o e Linhas de Pesquisa - Mestrado Profissional em Tecnologia, Gest\u00e3o e Sa\u00fade Ocular da UNIFESP\",\"isPartOf\":{\"@id\":\"https:\\\/\\\/pg.oftalmodapaulista.com.br\\\/mp\\\/#website\"},\"datePublished\":\"2024-10-28T18:45:48+00:00\",\"dateModified\":\"2024-10-28T18:45:49+00:00\",\"breadcrumb\":{\"@id\":\"https:\\\/\\\/pg.oftalmodapaulista.com.br\\\/mp\\\/area-de-concentracao-e-linhas-de-pesquisa\\\/#breadcrumb\"},\"inLanguage\":\"pt-BR\",\"potentialAction\":[{\"@type\":\"ReadAction\",\"target\":[\"https:\\\/\\\/pg.oftalmodapaulista.com.br\\\/mp\\\/area-de-concentracao-e-linhas-de-pesquisa\\\/\"]}]},{\"@type\":\"BreadcrumbList\",\"@id\":\"https:\\\/\\\/pg.oftalmodapaulista.com.br\\\/mp\\\/area-de-concentracao-e-linhas-de-pesquisa\\\/#breadcrumb\",\"itemListElement\":[{\"@type\":\"ListItem\",\"position\":1,\"name\":\"In\u00edcio\",\"item\":\"https:\\\/\\\/pg.oftalmodapaulista.com.br\\\/mp\\\/\"},{\"@type\":\"ListItem\",\"position\":2,\"name\":\"\u00c1rea de Concentra\u00e7\u00e3o e Linhas de Pesquisa\"}]},{\"@type\":\"WebSite\",\"@id\":\"https:\\\/\\\/pg.oftalmodapaulista.com.br\\\/mp\\\/#website\",\"url\":\"https:\\\/\\\/pg.oftalmodapaulista.com.br\\\/mp\\\/\",\"name\":\"Mestrado Profissional em Tecnologia, Gest\u00e3o e Sa\u00fade Ocular da UNIFESP\",\"description\":\"\",\"potentialAction\":[{\"@type\":\"SearchAction\",\"target\":{\"@type\":\"EntryPoint\",\"urlTemplate\":\"https:\\\/\\\/pg.oftalmodapaulista.com.br\\\/mp\\\/?s={search_term_string}\"},\"query-input\":{\"@type\":\"PropertyValueSpecification\",\"valueRequired\":true,\"valueName\":\"search_term_string\"}}],\"inLanguage\":\"pt-BR\"}]}<\/script>\n<!-- \/ Yoast SEO plugin. -->","yoast_head_json":{"title":"\u00c1rea de Concentra\u00e7\u00e3o e Linhas de Pesquisa - Mestrado Profissional em Tecnologia, Gest\u00e3o e Sa\u00fade Ocular da UNIFESP","robots":{"index":"index","follow":"follow","max-snippet":"max-snippet:-1","max-image-preview":"max-image-preview:large","max-video-preview":"max-video-preview:-1"},"canonical":"https:\/\/pg.oftalmodapaulista.com.br\/mp\/area-de-concentracao-e-linhas-de-pesquisa\/","og_locale":"pt_BR","og_type":"article","og_title":"\u00c1rea de Concentra\u00e7\u00e3o e Linhas de Pesquisa - Mestrado Profissional em Tecnologia, Gest\u00e3o e Sa\u00fade Ocular da UNIFESP","og_description":"\u00c1reas de Concentra\u00e7\u00e3o\/Linhas t\u00e9cnico-cient\u00edficas ou de pesquisa\/Projetos: x. = \u00c1rea de concentra\u00e7\u00e3o x.x. = Linha t\u00e9cnico-cient\u00edfica ou de pesquisa Pesquisa, gest\u00e3o, tecnologia e sa\u00fade ocular 1.1. Terapia tecidual, biomateriais, f\u00e1rmacos e bioderivados em oftalmologia Desenvolvimento de estrat\u00e9gias terap\u00eauticas e substitutos biol\u00f3gicos para restaurar, manter, substituir ou melhorar as fun\u00e7\u00f5es dos tecidos oculares. Desenvolvimento e valida\u00e7\u00e3o [&hellip;]","og_url":"https:\/\/pg.oftalmodapaulista.com.br\/mp\/area-de-concentracao-e-linhas-de-pesquisa\/","og_site_name":"Mestrado Profissional em Tecnologia, Gest\u00e3o e Sa\u00fade Ocular da UNIFESP","article_modified_time":"2024-10-28T18:45:49+00:00","twitter_card":"summary_large_image","twitter_misc":{"Est. tempo de leitura":"2 minutos"},"schema":{"@context":"https:\/\/schema.org","@graph":[{"@type":"WebPage","@id":"https:\/\/pg.oftalmodapaulista.com.br\/mp\/area-de-concentracao-e-linhas-de-pesquisa\/","url":"https:\/\/pg.oftalmodapaulista.com.br\/mp\/area-de-concentracao-e-linhas-de-pesquisa\/","name":"\u00c1rea de Concentra\u00e7\u00e3o e Linhas de Pesquisa - Mestrado Profissional em Tecnologia, Gest\u00e3o e Sa\u00fade Ocular da UNIFESP","isPartOf":{"@id":"https:\/\/pg.oftalmodapaulista.com.br\/mp\/#website"},"datePublished":"2024-10-28T18:45:48+00:00","dateModified":"2024-10-28T18:45:49+00:00","breadcrumb":{"@id":"https:\/\/pg.oftalmodapaulista.com.br\/mp\/area-de-concentracao-e-linhas-de-pesquisa\/#breadcrumb"},"inLanguage":"pt-BR","potentialAction":[{"@type":"ReadAction","target":["https:\/\/pg.oftalmodapaulista.com.br\/mp\/area-de-concentracao-e-linhas-de-pesquisa\/"]}]},{"@type":"BreadcrumbList","@id":"https:\/\/pg.oftalmodapaulista.com.br\/mp\/area-de-concentracao-e-linhas-de-pesquisa\/#breadcrumb","itemListElement":[{"@type":"ListItem","position":1,"name":"In\u00edcio","item":"https:\/\/pg.oftalmodapaulista.com.br\/mp\/"},{"@type":"ListItem","position":2,"name":"\u00c1rea de Concentra\u00e7\u00e3o e Linhas de Pesquisa"}]},{"@type":"WebSite","@id":"https:\/\/pg.oftalmodapaulista.com.br\/mp\/#website","url":"https:\/\/pg.oftalmodapaulista.com.br\/mp\/","name":"Mestrado Profissional em Tecnologia, Gest\u00e3o e Sa\u00fade Ocular da UNIFESP","description":"","potentialAction":[{"@type":"SearchAction","target":{"@type":"EntryPoint","urlTemplate":"https:\/\/pg.oftalmodapaulista.com.br\/mp\/?s={search_term_string}"},"query-input":{"@type":"PropertyValueSpecification","valueRequired":true,"valueName":"search_term_string"}}],"inLanguage":"pt-BR"}]}},"_links":{"self":[{"href":"https:\/\/pg.oftalmodapaulista.com.br\/mp\/wp-json\/wp\/v2\/pages\/82","targetHints":{"allow":["GET"]}}],"collection":[{"href":"https:\/\/pg.oftalmodapaulista.com.br\/mp\/wp-json\/wp\/v2\/pages"}],"about":[{"href":"https:\/\/pg.oftalmodapaulista.com.br\/mp\/wp-json\/wp\/v2\/types\/page"}],"author":[{"embeddable":true,"href":"https:\/\/pg.oftalmodapaulista.com.br\/mp\/wp-json\/wp\/v2\/users\/1"}],"replies":[{"embeddable":true,"href":"https:\/\/pg.oftalmodapaulista.com.br\/mp\/wp-json\/wp\/v2\/comments?post=82"}],"version-history":[{"count":1,"href":"https:\/\/pg.oftalmodapaulista.com.br\/mp\/wp-json\/wp\/v2\/pages\/82\/revisions"}],"predecessor-version":[{"id":83,"href":"https:\/\/pg.oftalmodapaulista.com.br\/mp\/wp-json\/wp\/v2\/pages\/82\/revisions\/83"}],"wp:attachment":[{"href":"https:\/\/pg.oftalmodapaulista.com.br\/mp\/wp-json\/wp\/v2\/media?parent=82"}],"curies":[{"name":"wp","href":"https:\/\/api.w.org\/{rel}","templated":true}]}}