{"id":78,"date":"2024-10-25T17:32:22","date_gmt":"2024-10-25T20:32:22","guid":{"rendered":"https:\/\/homolog.planetaw.ag\/pg\/?page_id=78"},"modified":"2024-10-25T17:32:23","modified_gmt":"2024-10-25T20:32:23","slug":"credenciamento-e-recredenciamento-de-orientadores","status":"publish","type":"page","link":"https:\/\/pg.oftalmodapaulista.com.br\/mp\/credenciamento-e-recredenciamento-de-orientadores\/","title":{"rendered":"Credenciamento e Recredenciamento de Orientadores"},"content":{"rendered":"\n<h3 class=\"wp-block-heading\">Para Credenciamento inicial<\/h3>\n\n\n\n<ul class=\"wp-block-list\">\n<li>Linha de pesquisa definida, com 3 artigos em peri\u00f3dicos ISI\/JCR nos \u00faltimos 5 anos, dos quais seja autor principal (em 1\u00ba, \u00faltimo lugar ou autor correspondente);<\/li>\n\n\n\n<li>Ter sido duas vezes coorientador de alunos que j\u00e1 tenham finalizado a p\u00f3s-gradua\u00e7\u00e3o.<\/li>\n<\/ul>\n\n\n\n<h3 class=\"wp-block-heading\">Para Recredenciamento<\/h3>\n\n\n\n<ul class=\"wp-block-list\">\n<li>Linha de pesquisa definida, com 4 artigos (vinculados \u00e0 linha de pesquisa) em peri\u00f3dicos ISI\/JCR, publicados nos \u00faltimos 5 anos (sendo ao menos 1 classificado no Qualis como A2 da \u00e1rea);<\/li>\n\n\n\n<li>Pelo menos 1 artigo classificado como B1 no Qualis da \u00e1rea com participa\u00e7\u00e3o discente nos \u00faltimos 5 anos;<\/li>\n\n\n\n<li>Comprova\u00e7\u00e3o de ao menos 1 financiamento (p\u00fablico ou privado) sob sua responsabilidade, obtido nos \u00faltimos 5 anos;<\/li>\n\n\n\n<li>Ter orientado pelo menos 2 teses ou disserta\u00e7\u00f5es nos \u00faltimos 5 anos.<\/li>\n\n\n\n<li>Recomenda-se a inser\u00e7\u00e3o do orientador nas atividades did\u00e1ticas da gradua\u00e7\u00e3o, p\u00f3s-gradua\u00e7\u00e3o e inicia\u00e7\u00e3o cient\u00edfica de sua \u00e1rea de expertise.<\/li>\n<\/ul>\n","protected":false},"excerpt":{"rendered":"<p>Para Credenciamento inicial Para Recredenciamento<\/p>\n","protected":false},"author":1,"featured_media":0,"parent":0,"menu_order":0,"comment_status":"closed","ping_status":"closed","template":"","meta":{"_acf_changed":false,"footnotes":""},"class_list":["post-78","page","type-page","status-publish","hentry"],"acf":[],"yoast_head":"<!-- This site is optimized with the Yoast SEO plugin v27.4 - https:\/\/yoast.com\/product\/yoast-seo-wordpress\/ -->\n<title>Credenciamento e Recredenciamento de Orientadores - Mestrado Profissional em Tecnologia, Gest\u00e3o e Sa\u00fade Ocular da UNIFESP<\/title>\n<meta name=\"robots\" content=\"index, follow, max-snippet:-1, max-image-preview:large, max-video-preview:-1\" \/>\n<link rel=\"canonical\" href=\"https:\/\/pg.oftalmodapaulista.com.br\/mp\/credenciamento-e-recredenciamento-de-orientadores\/\" \/>\n<meta property=\"og:locale\" content=\"pt_BR\" \/>\n<meta property=\"og:type\" content=\"article\" \/>\n<meta property=\"og:title\" content=\"Credenciamento e Recredenciamento de Orientadores - Mestrado Profissional em Tecnologia, Gest\u00e3o e Sa\u00fade Ocular da UNIFESP\" \/>\n<meta property=\"og:description\" content=\"Para Credenciamento inicial Para Recredenciamento\" \/>\n<meta property=\"og:url\" content=\"https:\/\/pg.oftalmodapaulista.com.br\/mp\/credenciamento-e-recredenciamento-de-orientadores\/\" \/>\n<meta property=\"og:site_name\" content=\"Mestrado Profissional em Tecnologia, Gest\u00e3o e Sa\u00fade Ocular da UNIFESP\" \/>\n<meta property=\"article:modified_time\" content=\"2024-10-25T20:32:23+00:00\" \/>\n<meta name=\"twitter:card\" content=\"summary_large_image\" \/>\n<meta name=\"twitter:label1\" content=\"Est. tempo de leitura\" \/>\n\t<meta name=\"twitter:data1\" content=\"1 minuto\" \/>\n<script type=\"application\/ld+json\" class=\"yoast-schema-graph\">{\"@context\":\"https:\\\/\\\/schema.org\",\"@graph\":[{\"@type\":\"WebPage\",\"@id\":\"https:\\\/\\\/pg.oftalmodapaulista.com.br\\\/mp\\\/credenciamento-e-recredenciamento-de-orientadores\\\/\",\"url\":\"https:\\\/\\\/pg.oftalmodapaulista.com.br\\\/mp\\\/credenciamento-e-recredenciamento-de-orientadores\\\/\",\"name\":\"Credenciamento e Recredenciamento de Orientadores - Mestrado Profissional em Tecnologia, Gest\u00e3o e Sa\u00fade Ocular da UNIFESP\",\"isPartOf\":{\"@id\":\"https:\\\/\\\/pg.oftalmodapaulista.com.br\\\/mp\\\/#website\"},\"datePublished\":\"2024-10-25T20:32:22+00:00\",\"dateModified\":\"2024-10-25T20:32:23+00:00\",\"breadcrumb\":{\"@id\":\"https:\\\/\\\/pg.oftalmodapaulista.com.br\\\/mp\\\/credenciamento-e-recredenciamento-de-orientadores\\\/#breadcrumb\"},\"inLanguage\":\"pt-BR\",\"potentialAction\":[{\"@type\":\"ReadAction\",\"target\":[\"https:\\\/\\\/pg.oftalmodapaulista.com.br\\\/mp\\\/credenciamento-e-recredenciamento-de-orientadores\\\/\"]}]},{\"@type\":\"BreadcrumbList\",\"@id\":\"https:\\\/\\\/pg.oftalmodapaulista.com.br\\\/mp\\\/credenciamento-e-recredenciamento-de-orientadores\\\/#breadcrumb\",\"itemListElement\":[{\"@type\":\"ListItem\",\"position\":1,\"name\":\"In\u00edcio\",\"item\":\"https:\\\/\\\/pg.oftalmodapaulista.com.br\\\/mp\\\/\"},{\"@type\":\"ListItem\",\"position\":2,\"name\":\"Credenciamento e Recredenciamento de Orientadores\"}]},{\"@type\":\"WebSite\",\"@id\":\"https:\\\/\\\/pg.oftalmodapaulista.com.br\\\/mp\\\/#website\",\"url\":\"https:\\\/\\\/pg.oftalmodapaulista.com.br\\\/mp\\\/\",\"name\":\"Mestrado Profissional em Tecnologia, Gest\u00e3o e Sa\u00fade Ocular da UNIFESP\",\"description\":\"\",\"potentialAction\":[{\"@type\":\"SearchAction\",\"target\":{\"@type\":\"EntryPoint\",\"urlTemplate\":\"https:\\\/\\\/pg.oftalmodapaulista.com.br\\\/mp\\\/?s={search_term_string}\"},\"query-input\":{\"@type\":\"PropertyValueSpecification\",\"valueRequired\":true,\"valueName\":\"search_term_string\"}}],\"inLanguage\":\"pt-BR\"}]}<\/script>\n<!-- \/ Yoast SEO plugin. -->","yoast_head_json":{"title":"Credenciamento e Recredenciamento de Orientadores - Mestrado Profissional em Tecnologia, Gest\u00e3o e Sa\u00fade Ocular da UNIFESP","robots":{"index":"index","follow":"follow","max-snippet":"max-snippet:-1","max-image-preview":"max-image-preview:large","max-video-preview":"max-video-preview:-1"},"canonical":"https:\/\/pg.oftalmodapaulista.com.br\/mp\/credenciamento-e-recredenciamento-de-orientadores\/","og_locale":"pt_BR","og_type":"article","og_title":"Credenciamento e Recredenciamento de Orientadores - Mestrado Profissional em Tecnologia, Gest\u00e3o e Sa\u00fade Ocular da UNIFESP","og_description":"Para Credenciamento inicial Para Recredenciamento","og_url":"https:\/\/pg.oftalmodapaulista.com.br\/mp\/credenciamento-e-recredenciamento-de-orientadores\/","og_site_name":"Mestrado Profissional em Tecnologia, Gest\u00e3o e Sa\u00fade Ocular da UNIFESP","article_modified_time":"2024-10-25T20:32:23+00:00","twitter_card":"summary_large_image","twitter_misc":{"Est. tempo de leitura":"1 minuto"},"schema":{"@context":"https:\/\/schema.org","@graph":[{"@type":"WebPage","@id":"https:\/\/pg.oftalmodapaulista.com.br\/mp\/credenciamento-e-recredenciamento-de-orientadores\/","url":"https:\/\/pg.oftalmodapaulista.com.br\/mp\/credenciamento-e-recredenciamento-de-orientadores\/","name":"Credenciamento e Recredenciamento de Orientadores - Mestrado Profissional em Tecnologia, Gest\u00e3o e Sa\u00fade Ocular da UNIFESP","isPartOf":{"@id":"https:\/\/pg.oftalmodapaulista.com.br\/mp\/#website"},"datePublished":"2024-10-25T20:32:22+00:00","dateModified":"2024-10-25T20:32:23+00:00","breadcrumb":{"@id":"https:\/\/pg.oftalmodapaulista.com.br\/mp\/credenciamento-e-recredenciamento-de-orientadores\/#breadcrumb"},"inLanguage":"pt-BR","potentialAction":[{"@type":"ReadAction","target":["https:\/\/pg.oftalmodapaulista.com.br\/mp\/credenciamento-e-recredenciamento-de-orientadores\/"]}]},{"@type":"BreadcrumbList","@id":"https:\/\/pg.oftalmodapaulista.com.br\/mp\/credenciamento-e-recredenciamento-de-orientadores\/#breadcrumb","itemListElement":[{"@type":"ListItem","position":1,"name":"In\u00edcio","item":"https:\/\/pg.oftalmodapaulista.com.br\/mp\/"},{"@type":"ListItem","position":2,"name":"Credenciamento e Recredenciamento de Orientadores"}]},{"@type":"WebSite","@id":"https:\/\/pg.oftalmodapaulista.com.br\/mp\/#website","url":"https:\/\/pg.oftalmodapaulista.com.br\/mp\/","name":"Mestrado Profissional em Tecnologia, Gest\u00e3o e Sa\u00fade Ocular da UNIFESP","description":"","potentialAction":[{"@type":"SearchAction","target":{"@type":"EntryPoint","urlTemplate":"https:\/\/pg.oftalmodapaulista.com.br\/mp\/?s={search_term_string}"},"query-input":{"@type":"PropertyValueSpecification","valueRequired":true,"valueName":"search_term_string"}}],"inLanguage":"pt-BR"}]}},"_links":{"self":[{"href":"https:\/\/pg.oftalmodapaulista.com.br\/mp\/wp-json\/wp\/v2\/pages\/78","targetHints":{"allow":["GET"]}}],"collection":[{"href":"https:\/\/pg.oftalmodapaulista.com.br\/mp\/wp-json\/wp\/v2\/pages"}],"about":[{"href":"https:\/\/pg.oftalmodapaulista.com.br\/mp\/wp-json\/wp\/v2\/types\/page"}],"author":[{"embeddable":true,"href":"https:\/\/pg.oftalmodapaulista.com.br\/mp\/wp-json\/wp\/v2\/users\/1"}],"replies":[{"embeddable":true,"href":"https:\/\/pg.oftalmodapaulista.com.br\/mp\/wp-json\/wp\/v2\/comments?post=78"}],"version-history":[{"count":1,"href":"https:\/\/pg.oftalmodapaulista.com.br\/mp\/wp-json\/wp\/v2\/pages\/78\/revisions"}],"predecessor-version":[{"id":79,"href":"https:\/\/pg.oftalmodapaulista.com.br\/mp\/wp-json\/wp\/v2\/pages\/78\/revisions\/79"}],"wp:attachment":[{"href":"https:\/\/pg.oftalmodapaulista.com.br\/mp\/wp-json\/wp\/v2\/media?parent=78"}],"curies":[{"name":"wp","href":"https:\/\/api.w.org\/{rel}","templated":true}]}}