{"id":58,"date":"2024-10-25T11:05:23","date_gmt":"2024-10-25T14:05:23","guid":{"rendered":"https:\/\/homolog.planetaw.ag\/pg\/?page_id=58"},"modified":"2024-10-25T11:05:23","modified_gmt":"2024-10-25T14:05:23","slug":"documentos-do-programa","status":"publish","type":"page","link":"https:\/\/pg.oftalmodapaulista.com.br\/mp\/documentos-do-programa\/","title":{"rendered":"Documentos do programa"},"content":{"rendered":"\n<h4 class=\"wp-block-heading\">Conceito CAPES<\/h4>\n\n\n\n<p>O processo de avalia\u00e7\u00e3o quadrienal&nbsp;dos Programas de P\u00f3s-gradua\u00e7\u00e3o stricto sensu requer, por parte dos avaliadores, comprometimento, independ\u00eancia, integridade e responsabilidade, al\u00e9m de importante doa\u00e7\u00e3o de seu tempo, visando, sobretudo, \u00e0 evolu\u00e7\u00e3o das atividades da p\u00f3s-gradua\u00e7\u00e3o em nosso Pa\u00eds.<\/p>\n\n\n\n<p>Trata-se de a\u00e7\u00e3o singular em que, com total imparcialidade, se participa de um comit\u00ea, composto por&nbsp; pesquisadores das diversas especialidades, oriundos de diversas institui\u00e7\u00f5es e estados brasileiros, e&nbsp; que culmina em uma classifica\u00e7\u00e3o dos Programas de P\u00f3s-gradua\u00e7\u00e3o, com validade para os 4&nbsp;anos seguintes.<\/p>\n\n\n\n<p>Nosso programa foi aprovado em 2013 e passar\u00e1 pela primeira avalia\u00e7\u00e3o em 2017.<\/p>\n\n\n\n<figure class=\"wp-block-table\"><table class=\"has-fixed-layout\"><thead><tr><td>Per\u00edodo<\/td><td>Conceito<\/td><td>Portaria<\/td><td>Data D.O.U.<\/td><td>Relat\u00f3rio de Avalia\u00e7\u00e3o<\/td><\/tr><tr><td>2013<\/td><td>3<\/td><td>Homologa\u00e7\u00e3o da 138\u00aa Reuni\u00e3o do CTC-ES, Parecer CNE\/CES 429\/2012<\/td><td>&nbsp;09\/04\/2013<\/td><td>D\u00e1rio Oficial<a href=\"http:\/\/www.oftalmounifesp.com.br\/pg\/mp\/wp-content\/uploads\/2015\/09\/PDF.js-viewer.pdf\">P\u00e1gina 01<\/a><a href=\"http:\/\/www.oftalmounifesp.com.br\/pg\/mp\/wp-content\/uploads\/2015\/09\/PDF.js-viewer.pdf2_.pdf\">P\u00e1gina&nbsp;02<\/a><\/td><\/tr><\/thead><\/table><\/figure>\n\n\n\n<p>As informa\u00e7\u00f5es preenchidas anualmente pelos programas e enviadas a Capes por meio da Plataforma Sucupira\u00a0s\u00e3o tratadas e permitem a emiss\u00e3o dos Cadernos de Indicadores, que s\u00e3o os relat\u00f3rios utilizados no processo de avalia\u00e7\u00e3o. \u00c1rea Medicina III<br>Para acesso, clique aqui:\u00a0<a href=\"https:\/\/sucupira.capes.gov.br\/sucupira\/public\/informacoes_programa\/informacoesPrograma.xhtml\" target=\"_blank\" rel=\"noreferrer noopener\">Cadernos de indicadores \u2013\u00a0\u00c1rea Medicina III<\/a><\/p>\n","protected":false},"excerpt":{"rendered":"<p>Conceito CAPES O processo de avalia\u00e7\u00e3o quadrienal&nbsp;dos Programas de P\u00f3s-gradua\u00e7\u00e3o stricto sensu requer, por parte dos avaliadores, comprometimento, independ\u00eancia, integridade e responsabilidade, al\u00e9m de importante doa\u00e7\u00e3o de seu tempo, visando, sobretudo, \u00e0 evolu\u00e7\u00e3o das atividades da p\u00f3s-gradua\u00e7\u00e3o em nosso Pa\u00eds. Trata-se de a\u00e7\u00e3o singular em que, com total imparcialidade, se participa de um comit\u00ea, composto [&hellip;]<\/p>\n","protected":false},"author":1,"featured_media":0,"parent":0,"menu_order":0,"comment_status":"closed","ping_status":"closed","template":"","meta":{"_acf_changed":false,"footnotes":""},"class_list":["post-58","page","type-page","status-publish","hentry"],"acf":[],"yoast_head":"<!-- This site is optimized with the Yoast SEO plugin v27.4 - https:\/\/yoast.com\/product\/yoast-seo-wordpress\/ -->\n<title>Documentos do programa - Mestrado Profissional em Tecnologia, Gest\u00e3o e Sa\u00fade Ocular da UNIFESP<\/title>\n<meta name=\"robots\" content=\"index, follow, max-snippet:-1, max-image-preview:large, max-video-preview:-1\" \/>\n<link rel=\"canonical\" href=\"https:\/\/pg.oftalmodapaulista.com.br\/mp\/documentos-do-programa\/\" \/>\n<meta property=\"og:locale\" content=\"pt_BR\" \/>\n<meta property=\"og:type\" content=\"article\" \/>\n<meta property=\"og:title\" content=\"Documentos do programa - Mestrado Profissional em Tecnologia, Gest\u00e3o e Sa\u00fade Ocular da UNIFESP\" \/>\n<meta property=\"og:description\" content=\"Conceito CAPES O processo de avalia\u00e7\u00e3o quadrienal&nbsp;dos Programas de P\u00f3s-gradua\u00e7\u00e3o stricto sensu requer, por parte dos avaliadores, comprometimento, independ\u00eancia, integridade e responsabilidade, al\u00e9m de importante doa\u00e7\u00e3o de seu tempo, visando, sobretudo, \u00e0 evolu\u00e7\u00e3o das atividades da p\u00f3s-gradua\u00e7\u00e3o em nosso Pa\u00eds. Trata-se de a\u00e7\u00e3o singular em que, com total imparcialidade, se participa de um comit\u00ea, composto [&hellip;]\" \/>\n<meta property=\"og:url\" content=\"https:\/\/pg.oftalmodapaulista.com.br\/mp\/documentos-do-programa\/\" \/>\n<meta property=\"og:site_name\" content=\"Mestrado Profissional em Tecnologia, Gest\u00e3o e Sa\u00fade Ocular da UNIFESP\" \/>\n<meta name=\"twitter:card\" content=\"summary_large_image\" \/>\n<meta name=\"twitter:label1\" content=\"Est. tempo de leitura\" \/>\n\t<meta name=\"twitter:data1\" content=\"1 minuto\" \/>\n<script type=\"application\/ld+json\" class=\"yoast-schema-graph\">{\"@context\":\"https:\\\/\\\/schema.org\",\"@graph\":[{\"@type\":\"WebPage\",\"@id\":\"https:\\\/\\\/pg.oftalmodapaulista.com.br\\\/mp\\\/documentos-do-programa\\\/\",\"url\":\"https:\\\/\\\/pg.oftalmodapaulista.com.br\\\/mp\\\/documentos-do-programa\\\/\",\"name\":\"Documentos do programa - Mestrado Profissional em Tecnologia, Gest\u00e3o e Sa\u00fade Ocular da UNIFESP\",\"isPartOf\":{\"@id\":\"https:\\\/\\\/pg.oftalmodapaulista.com.br\\\/mp\\\/#website\"},\"datePublished\":\"2024-10-25T14:05:23+00:00\",\"breadcrumb\":{\"@id\":\"https:\\\/\\\/pg.oftalmodapaulista.com.br\\\/mp\\\/documentos-do-programa\\\/#breadcrumb\"},\"inLanguage\":\"pt-BR\",\"potentialAction\":[{\"@type\":\"ReadAction\",\"target\":[\"https:\\\/\\\/pg.oftalmodapaulista.com.br\\\/mp\\\/documentos-do-programa\\\/\"]}]},{\"@type\":\"BreadcrumbList\",\"@id\":\"https:\\\/\\\/pg.oftalmodapaulista.com.br\\\/mp\\\/documentos-do-programa\\\/#breadcrumb\",\"itemListElement\":[{\"@type\":\"ListItem\",\"position\":1,\"name\":\"In\u00edcio\",\"item\":\"https:\\\/\\\/pg.oftalmodapaulista.com.br\\\/mp\\\/\"},{\"@type\":\"ListItem\",\"position\":2,\"name\":\"Documentos do programa\"}]},{\"@type\":\"WebSite\",\"@id\":\"https:\\\/\\\/pg.oftalmodapaulista.com.br\\\/mp\\\/#website\",\"url\":\"https:\\\/\\\/pg.oftalmodapaulista.com.br\\\/mp\\\/\",\"name\":\"Mestrado Profissional em Tecnologia, Gest\u00e3o e Sa\u00fade Ocular da UNIFESP\",\"description\":\"\",\"potentialAction\":[{\"@type\":\"SearchAction\",\"target\":{\"@type\":\"EntryPoint\",\"urlTemplate\":\"https:\\\/\\\/pg.oftalmodapaulista.com.br\\\/mp\\\/?s={search_term_string}\"},\"query-input\":{\"@type\":\"PropertyValueSpecification\",\"valueRequired\":true,\"valueName\":\"search_term_string\"}}],\"inLanguage\":\"pt-BR\"}]}<\/script>\n<!-- \/ Yoast SEO plugin. -->","yoast_head_json":{"title":"Documentos do programa - Mestrado Profissional em Tecnologia, Gest\u00e3o e Sa\u00fade Ocular da UNIFESP","robots":{"index":"index","follow":"follow","max-snippet":"max-snippet:-1","max-image-preview":"max-image-preview:large","max-video-preview":"max-video-preview:-1"},"canonical":"https:\/\/pg.oftalmodapaulista.com.br\/mp\/documentos-do-programa\/","og_locale":"pt_BR","og_type":"article","og_title":"Documentos do programa - Mestrado Profissional em Tecnologia, Gest\u00e3o e Sa\u00fade Ocular da UNIFESP","og_description":"Conceito CAPES O processo de avalia\u00e7\u00e3o quadrienal&nbsp;dos Programas de P\u00f3s-gradua\u00e7\u00e3o stricto sensu requer, por parte dos avaliadores, comprometimento, independ\u00eancia, integridade e responsabilidade, al\u00e9m de importante doa\u00e7\u00e3o de seu tempo, visando, sobretudo, \u00e0 evolu\u00e7\u00e3o das atividades da p\u00f3s-gradua\u00e7\u00e3o em nosso Pa\u00eds. Trata-se de a\u00e7\u00e3o singular em que, com total imparcialidade, se participa de um comit\u00ea, composto [&hellip;]","og_url":"https:\/\/pg.oftalmodapaulista.com.br\/mp\/documentos-do-programa\/","og_site_name":"Mestrado Profissional em Tecnologia, Gest\u00e3o e Sa\u00fade Ocular da UNIFESP","twitter_card":"summary_large_image","twitter_misc":{"Est. tempo de leitura":"1 minuto"},"schema":{"@context":"https:\/\/schema.org","@graph":[{"@type":"WebPage","@id":"https:\/\/pg.oftalmodapaulista.com.br\/mp\/documentos-do-programa\/","url":"https:\/\/pg.oftalmodapaulista.com.br\/mp\/documentos-do-programa\/","name":"Documentos do programa - Mestrado Profissional em Tecnologia, Gest\u00e3o e Sa\u00fade Ocular da UNIFESP","isPartOf":{"@id":"https:\/\/pg.oftalmodapaulista.com.br\/mp\/#website"},"datePublished":"2024-10-25T14:05:23+00:00","breadcrumb":{"@id":"https:\/\/pg.oftalmodapaulista.com.br\/mp\/documentos-do-programa\/#breadcrumb"},"inLanguage":"pt-BR","potentialAction":[{"@type":"ReadAction","target":["https:\/\/pg.oftalmodapaulista.com.br\/mp\/documentos-do-programa\/"]}]},{"@type":"BreadcrumbList","@id":"https:\/\/pg.oftalmodapaulista.com.br\/mp\/documentos-do-programa\/#breadcrumb","itemListElement":[{"@type":"ListItem","position":1,"name":"In\u00edcio","item":"https:\/\/pg.oftalmodapaulista.com.br\/mp\/"},{"@type":"ListItem","position":2,"name":"Documentos do programa"}]},{"@type":"WebSite","@id":"https:\/\/pg.oftalmodapaulista.com.br\/mp\/#website","url":"https:\/\/pg.oftalmodapaulista.com.br\/mp\/","name":"Mestrado Profissional em Tecnologia, Gest\u00e3o e Sa\u00fade Ocular da UNIFESP","description":"","potentialAction":[{"@type":"SearchAction","target":{"@type":"EntryPoint","urlTemplate":"https:\/\/pg.oftalmodapaulista.com.br\/mp\/?s={search_term_string}"},"query-input":{"@type":"PropertyValueSpecification","valueRequired":true,"valueName":"search_term_string"}}],"inLanguage":"pt-BR"}]}},"_links":{"self":[{"href":"https:\/\/pg.oftalmodapaulista.com.br\/mp\/wp-json\/wp\/v2\/pages\/58","targetHints":{"allow":["GET"]}}],"collection":[{"href":"https:\/\/pg.oftalmodapaulista.com.br\/mp\/wp-json\/wp\/v2\/pages"}],"about":[{"href":"https:\/\/pg.oftalmodapaulista.com.br\/mp\/wp-json\/wp\/v2\/types\/page"}],"author":[{"embeddable":true,"href":"https:\/\/pg.oftalmodapaulista.com.br\/mp\/wp-json\/wp\/v2\/users\/1"}],"replies":[{"embeddable":true,"href":"https:\/\/pg.oftalmodapaulista.com.br\/mp\/wp-json\/wp\/v2\/comments?post=58"}],"version-history":[{"count":1,"href":"https:\/\/pg.oftalmodapaulista.com.br\/mp\/wp-json\/wp\/v2\/pages\/58\/revisions"}],"predecessor-version":[{"id":59,"href":"https:\/\/pg.oftalmodapaulista.com.br\/mp\/wp-json\/wp\/v2\/pages\/58\/revisions\/59"}],"wp:attachment":[{"href":"https:\/\/pg.oftalmodapaulista.com.br\/mp\/wp-json\/wp\/v2\/media?parent=58"}],"curies":[{"name":"wp","href":"https:\/\/api.w.org\/{rel}","templated":true}]}}