{"id":56,"date":"2024-10-25T11:04:36","date_gmt":"2024-10-25T14:04:36","guid":{"rendered":"https:\/\/homolog.planetaw.ag\/pg\/?page_id=56"},"modified":"2024-10-25T11:52:02","modified_gmt":"2024-10-25T14:52:02","slug":"infraestrutura","status":"publish","type":"page","link":"https:\/\/pg.oftalmodapaulista.com.br\/mp\/infraestrutura\/","title":{"rendered":"Infraestrutura"},"content":{"rendered":"\n<h3 class=\"wp-block-heading\">Laborat\u00f3rios<\/h3>\n\n\n\n<p>Dentro das depend\u00eancias do Departamento de Oftalmologia e Ci\u00eancias Visuais da UNIFESP, contamos com infraestrutura de laborat\u00f3rios de bioengenharia, biologia celular, biologia molecular e microbiologia, todos equipados com recursos de ag\u00eancias de fomento conseguidos com projetos de pesquisa.<\/p>\n\n\n\n<p>Ainda temos a possibilidade de utilizar outros laborat\u00f3rios acess\u00f3rios, a partir de parcerias com o Banco de Olhos de Sorocaba, que nos permite a utiliza\u00e7\u00e3o da infraestrutura de sua academia de gin\u00e1stica como laborat\u00f3rio para desenvolvimento de pesquisas da linha Oftalmologia Esportiva. O mesmo acontece com a parceria com a Escola Superior de Educa\u00e7\u00e3o F\u00edsica de Jundia\u00ed e com a Funda\u00e7\u00e3o Dorina Nowill, que nos possibilita a utiliza\u00e7\u00e3o de sua infraestrutura para o desenvolvimento de pesquisas na linha Tecnologias Assistivas.<\/p>\n\n\n\n<h3 class=\"wp-block-heading\">Recursos de Inform\u00e1tica<\/h3>\n\n\n\n<p>O Departamento&nbsp; de Oftalmologia e Ci\u00eancias Visuais da UNIFESP possui \u00e1rea reservada com seis computadores conectados \u00e0 Internet para uso pelos nossos p\u00f3s-graduandos e acesso wireless network em todas as depend\u00eancias do Departamento de Oftalmologia e Ci\u00eancias Visuais. Atualmente, possu\u00edmos cinco salas de aula, todas com computador e sistema de multim\u00eddia e data show e conex\u00e3o com Internet, que podem ser utilizadas pelos p\u00f3s-graduandos tanto na defesa das teses, como em aulas para alunos de gradua\u00e7\u00e3o ou cursos de p\u00f3s-gradua\u00e7\u00e3o. Contamos com o apoio da UNIFESP atrav\u00e9s da sua estrutura de anfiteatros e, principalmente, dos Laborat\u00f3rios de Inform\u00e1tica que est\u00e3o sob a responsabilidade do Departamento de Inform\u00e1tica em Sa\u00fade (DIS) e s\u00e3o utilizados por toda a Universidade, tanto em aulas pr\u00e1ticas e te\u00f3rico-pr\u00e1ticas.<\/p>\n\n\n\n<p>Ressaltamos a aquisi\u00e7\u00e3o de novos equipamentos inovadores na \u00e1rea de inform\u00e1tica, como impressora e bioimpressora em 3D, que ser\u00e1 utilizada em novos projetos de MP na \u00e1rea de tecnologia e pesquisa laboratorial.<\/p>\n\n\n\n<h3 class=\"wp-block-heading\">Biblioteca<\/h3>\n\n\n\n<p>O Departamento de Oftalmologia e Ci\u00eancias Visuais da UNIFESP possui biblioteca pr\u00f3pria, com espa\u00e7o reservado para estudo, leitura e reflex\u00e3o com livros, peri\u00f3dicos e multim\u00eddia, espec\u00edficos na \u00e1rea de oftalmologia e de pesquisa em medicina. Nosso Departamento tamb\u00e9m possui \u00e1rea reservada com seis computadores conectados \u00e0 Internet para uso dos nossos p\u00f3s-graduandos, com senha de livre acesso as diferentes bases de dados eletr\u00f4nicas e, principalmente, aos peri\u00f3dicos da CAPES. Contamos ainda com toda a estrutura bibliotec\u00e1ria da UNIFESP (Biblioteca Acad\u00eamica Central), com a Biblioteca Virtual em Sa\u00fade e com cursos na \u00e1rea, como por exemplo, Pesquisa em Bases de Dado Eletr\u00f4nicas, entre outros, importantes na forma\u00e7\u00e3o do p\u00f3s-graduando. Nosso p\u00f3s-graduando, uma vez oficialmente ingresso no programa, recebe uma identidade e n\u00famero institucional que lhe permite obter senha e acesso remoto a todo o sistema de bibliotecas e pesquisa da UNIFESP.<\/p>\n\n\n\n<h3 class=\"wp-block-heading\">Outras Informa\u00e7\u00f5es<\/h3>\n\n\n\n<p>O Grupo de Estudos em Ergonomia Visual\/Design e Tecnologias Assistiva e Tecnologias de Precis\u00e3o\/Sistemas Embarcados do Setor de Bioengenharia Ocular do Departamento de Oftalmologia e Ci\u00eancias Visuais oferece aos alunos a possibilidade de utilizar impressoras 3D, kits de desenvolvimento de sistemas embarcados e simuladores de software.<\/p>\n","protected":false},"excerpt":{"rendered":"<p>Laborat\u00f3rios Dentro das depend\u00eancias do Departamento de Oftalmologia e Ci\u00eancias Visuais da UNIFESP, contamos com infraestrutura de laborat\u00f3rios de bioengenharia, biologia celular, biologia molecular e microbiologia, todos equipados com recursos de ag\u00eancias de fomento conseguidos com projetos de pesquisa. Ainda temos a possibilidade de utilizar outros laborat\u00f3rios acess\u00f3rios, a partir de parcerias com o Banco [&hellip;]<\/p>\n","protected":false},"author":1,"featured_media":0,"parent":0,"menu_order":0,"comment_status":"closed","ping_status":"closed","template":"","meta":{"_acf_changed":false,"footnotes":""},"class_list":["post-56","page","type-page","status-publish","hentry"],"acf":[],"yoast_head":"<!-- This site is optimized with the Yoast SEO plugin v27.3 - https:\/\/yoast.com\/product\/yoast-seo-wordpress\/ -->\n<title>Infraestrutura - Mestrado Profissional em Tecnologia, Gest\u00e3o e Sa\u00fade Ocular da UNIFESP<\/title>\n<meta name=\"robots\" content=\"index, follow, max-snippet:-1, max-image-preview:large, max-video-preview:-1\" \/>\n<link rel=\"canonical\" href=\"https:\/\/pg.oftalmodapaulista.com.br\/mp\/infraestrutura\/\" \/>\n<meta property=\"og:locale\" content=\"pt_BR\" \/>\n<meta property=\"og:type\" content=\"article\" \/>\n<meta property=\"og:title\" content=\"Infraestrutura - Mestrado Profissional em Tecnologia, Gest\u00e3o e Sa\u00fade Ocular da UNIFESP\" \/>\n<meta property=\"og:description\" content=\"Laborat\u00f3rios Dentro das depend\u00eancias do Departamento de Oftalmologia e Ci\u00eancias Visuais da UNIFESP, contamos com infraestrutura de laborat\u00f3rios de bioengenharia, biologia celular, biologia molecular e microbiologia, todos equipados com recursos de ag\u00eancias de fomento conseguidos com projetos de pesquisa. Ainda temos a possibilidade de utilizar outros laborat\u00f3rios acess\u00f3rios, a partir de parcerias com o Banco [&hellip;]\" \/>\n<meta property=\"og:url\" content=\"https:\/\/pg.oftalmodapaulista.com.br\/mp\/infraestrutura\/\" \/>\n<meta property=\"og:site_name\" content=\"Mestrado Profissional em Tecnologia, Gest\u00e3o e Sa\u00fade Ocular da UNIFESP\" \/>\n<meta property=\"article:modified_time\" content=\"2024-10-25T14:52:02+00:00\" \/>\n<meta name=\"twitter:card\" content=\"summary_large_image\" \/>\n<meta name=\"twitter:label1\" content=\"Est. tempo de leitura\" \/>\n\t<meta name=\"twitter:data1\" content=\"3 minutos\" \/>\n<script type=\"application\/ld+json\" class=\"yoast-schema-graph\">{\"@context\":\"https:\\\/\\\/schema.org\",\"@graph\":[{\"@type\":\"WebPage\",\"@id\":\"https:\\\/\\\/pg.oftalmodapaulista.com.br\\\/mp\\\/infraestrutura\\\/\",\"url\":\"https:\\\/\\\/pg.oftalmodapaulista.com.br\\\/mp\\\/infraestrutura\\\/\",\"name\":\"Infraestrutura - Mestrado Profissional em Tecnologia, Gest\u00e3o e Sa\u00fade Ocular da UNIFESP\",\"isPartOf\":{\"@id\":\"https:\\\/\\\/pg.oftalmodapaulista.com.br\\\/mp\\\/#website\"},\"datePublished\":\"2024-10-25T14:04:36+00:00\",\"dateModified\":\"2024-10-25T14:52:02+00:00\",\"breadcrumb\":{\"@id\":\"https:\\\/\\\/pg.oftalmodapaulista.com.br\\\/mp\\\/infraestrutura\\\/#breadcrumb\"},\"inLanguage\":\"pt-BR\",\"potentialAction\":[{\"@type\":\"ReadAction\",\"target\":[\"https:\\\/\\\/pg.oftalmodapaulista.com.br\\\/mp\\\/infraestrutura\\\/\"]}]},{\"@type\":\"BreadcrumbList\",\"@id\":\"https:\\\/\\\/pg.oftalmodapaulista.com.br\\\/mp\\\/infraestrutura\\\/#breadcrumb\",\"itemListElement\":[{\"@type\":\"ListItem\",\"position\":1,\"name\":\"In\u00edcio\",\"item\":\"https:\\\/\\\/pg.oftalmodapaulista.com.br\\\/mp\\\/\"},{\"@type\":\"ListItem\",\"position\":2,\"name\":\"Infraestrutura\"}]},{\"@type\":\"WebSite\",\"@id\":\"https:\\\/\\\/pg.oftalmodapaulista.com.br\\\/mp\\\/#website\",\"url\":\"https:\\\/\\\/pg.oftalmodapaulista.com.br\\\/mp\\\/\",\"name\":\"Mestrado Profissional em Tecnologia, Gest\u00e3o e Sa\u00fade Ocular da UNIFESP\",\"description\":\"\",\"potentialAction\":[{\"@type\":\"SearchAction\",\"target\":{\"@type\":\"EntryPoint\",\"urlTemplate\":\"https:\\\/\\\/pg.oftalmodapaulista.com.br\\\/mp\\\/?s={search_term_string}\"},\"query-input\":{\"@type\":\"PropertyValueSpecification\",\"valueRequired\":true,\"valueName\":\"search_term_string\"}}],\"inLanguage\":\"pt-BR\"}]}<\/script>\n<!-- \/ Yoast SEO plugin. -->","yoast_head_json":{"title":"Infraestrutura - Mestrado Profissional em Tecnologia, Gest\u00e3o e Sa\u00fade Ocular da UNIFESP","robots":{"index":"index","follow":"follow","max-snippet":"max-snippet:-1","max-image-preview":"max-image-preview:large","max-video-preview":"max-video-preview:-1"},"canonical":"https:\/\/pg.oftalmodapaulista.com.br\/mp\/infraestrutura\/","og_locale":"pt_BR","og_type":"article","og_title":"Infraestrutura - Mestrado Profissional em Tecnologia, Gest\u00e3o e Sa\u00fade Ocular da UNIFESP","og_description":"Laborat\u00f3rios Dentro das depend\u00eancias do Departamento de Oftalmologia e Ci\u00eancias Visuais da UNIFESP, contamos com infraestrutura de laborat\u00f3rios de bioengenharia, biologia celular, biologia molecular e microbiologia, todos equipados com recursos de ag\u00eancias de fomento conseguidos com projetos de pesquisa. Ainda temos a possibilidade de utilizar outros laborat\u00f3rios acess\u00f3rios, a partir de parcerias com o Banco [&hellip;]","og_url":"https:\/\/pg.oftalmodapaulista.com.br\/mp\/infraestrutura\/","og_site_name":"Mestrado Profissional em Tecnologia, Gest\u00e3o e Sa\u00fade Ocular da UNIFESP","article_modified_time":"2024-10-25T14:52:02+00:00","twitter_card":"summary_large_image","twitter_misc":{"Est. tempo de leitura":"3 minutos"},"schema":{"@context":"https:\/\/schema.org","@graph":[{"@type":"WebPage","@id":"https:\/\/pg.oftalmodapaulista.com.br\/mp\/infraestrutura\/","url":"https:\/\/pg.oftalmodapaulista.com.br\/mp\/infraestrutura\/","name":"Infraestrutura - Mestrado Profissional em Tecnologia, Gest\u00e3o e Sa\u00fade Ocular da UNIFESP","isPartOf":{"@id":"https:\/\/pg.oftalmodapaulista.com.br\/mp\/#website"},"datePublished":"2024-10-25T14:04:36+00:00","dateModified":"2024-10-25T14:52:02+00:00","breadcrumb":{"@id":"https:\/\/pg.oftalmodapaulista.com.br\/mp\/infraestrutura\/#breadcrumb"},"inLanguage":"pt-BR","potentialAction":[{"@type":"ReadAction","target":["https:\/\/pg.oftalmodapaulista.com.br\/mp\/infraestrutura\/"]}]},{"@type":"BreadcrumbList","@id":"https:\/\/pg.oftalmodapaulista.com.br\/mp\/infraestrutura\/#breadcrumb","itemListElement":[{"@type":"ListItem","position":1,"name":"In\u00edcio","item":"https:\/\/pg.oftalmodapaulista.com.br\/mp\/"},{"@type":"ListItem","position":2,"name":"Infraestrutura"}]},{"@type":"WebSite","@id":"https:\/\/pg.oftalmodapaulista.com.br\/mp\/#website","url":"https:\/\/pg.oftalmodapaulista.com.br\/mp\/","name":"Mestrado Profissional em Tecnologia, Gest\u00e3o e Sa\u00fade Ocular da UNIFESP","description":"","potentialAction":[{"@type":"SearchAction","target":{"@type":"EntryPoint","urlTemplate":"https:\/\/pg.oftalmodapaulista.com.br\/mp\/?s={search_term_string}"},"query-input":{"@type":"PropertyValueSpecification","valueRequired":true,"valueName":"search_term_string"}}],"inLanguage":"pt-BR"}]}},"_links":{"self":[{"href":"https:\/\/pg.oftalmodapaulista.com.br\/mp\/wp-json\/wp\/v2\/pages\/56","targetHints":{"allow":["GET"]}}],"collection":[{"href":"https:\/\/pg.oftalmodapaulista.com.br\/mp\/wp-json\/wp\/v2\/pages"}],"about":[{"href":"https:\/\/pg.oftalmodapaulista.com.br\/mp\/wp-json\/wp\/v2\/types\/page"}],"author":[{"embeddable":true,"href":"https:\/\/pg.oftalmodapaulista.com.br\/mp\/wp-json\/wp\/v2\/users\/1"}],"replies":[{"embeddable":true,"href":"https:\/\/pg.oftalmodapaulista.com.br\/mp\/wp-json\/wp\/v2\/comments?post=56"}],"version-history":[{"count":2,"href":"https:\/\/pg.oftalmodapaulista.com.br\/mp\/wp-json\/wp\/v2\/pages\/56\/revisions"}],"predecessor-version":[{"id":67,"href":"https:\/\/pg.oftalmodapaulista.com.br\/mp\/wp-json\/wp\/v2\/pages\/56\/revisions\/67"}],"wp:attachment":[{"href":"https:\/\/pg.oftalmodapaulista.com.br\/mp\/wp-json\/wp\/v2\/media?parent=56"}],"curies":[{"name":"wp","href":"https:\/\/api.w.org\/{rel}","templated":true}]}}