{"id":54,"date":"2024-10-25T11:03:55","date_gmt":"2024-10-25T14:03:55","guid":{"rendered":"https:\/\/homolog.planetaw.ag\/pg\/?page_id=54"},"modified":"2024-10-25T11:18:01","modified_gmt":"2024-10-25T14:18:01","slug":"historico","status":"publish","type":"page","link":"https:\/\/pg.oftalmodapaulista.com.br\/mp\/historico\/","title":{"rendered":"Hist\u00f3rico"},"content":{"rendered":"\n<h3 class=\"wp-block-heading\">Programa de Mestrado Profissional&nbsp;Em Tecnologia, Gest\u00e3o e Sa\u00fade Ocular<\/h3>\n\n\n\n<p>Aprovado pelo parecer MEC 271\/2013, em 09\/04\/2013, o Programa de P\u00f3s-gradua\u00e7\u00e3o (PPG) da Escola Paulista de Medicina\/Universidade Federal de S\u00e3o Paulo (EPM\/Unifesp) para o curso de Mestrado Profissional (MP) em Tecnologia, Gest\u00e3o e Sa\u00fade Ocular, inicialmente denominado de Mestrado Profissional em Oftalmologia e Ci\u00eancias Visuais, abriu inscri\u00e7\u00e3o para a primeira turma em agosto de 2013. Desde ent\u00e3o, 126 alunos foram aprovados como Mestres Profissionais em Tecnologia, Gest\u00e3o e Sa\u00fade Ocular e temos atualmente inscritos 35 alunos no programa.<\/p>\n\n\n\n<p>Em conson\u00e2ncia com as diretrizes da Pr\u00f3-reitoria de P\u00f3s-gradua\u00e7\u00e3o e Pesquisa da UNIFESP, o PPG Acad\u00eamico em Oftalmologia e Ci\u00eancias Visuais prop\u00f4s a cria\u00e7\u00e3o de um Programa de Mestrado Profissional com a vis\u00e3o de promover o aprimoramento profissional em sub-\u00e1reas ligadas a sa\u00fade ocular, por meio de experi\u00eancias t\u00e9cnico-cient\u00edficas pr\u00e1ticas e inovadoras estabelecendo interface com os setores p\u00fablicos e privados para atender a essa demanda espec\u00edfica da sociedade. O programa, em sua reestrutura\u00e7\u00e3o baseada nos coment\u00e1rios e sugest\u00f5es propostas pela CAPES, reformulou sua \u00e1rea de concentra\u00e7\u00e3o que passa a ser:<\/p>\n\n\n\n<p>1) Pesquisa, gest\u00e3o, tecnologia e sa\u00fade ocular<\/p>\n\n\n\n<p>Para atender \u00e0 demanda por Professores Orientadores nas \u00e1reas de concentra\u00e7\u00e3o, levou-se em considera\u00e7\u00e3o o \u201cDocumento de \u00c1rea 2013\u201d, Medicina III, para os seus Mestrados Profissionais, selecionando docentes com perfil de a\u00e7\u00e3o compat\u00edvel com as propostas das linhas de pesquisa e que possam contribuir para o foco produtivo esperado dos programas de Mestrado Profissional. <\/p>\n\n\n\n<p>O hist\u00f3rico de participa\u00e7\u00f5es dos docentes do Departamento de Oftalmologia e Ci\u00eancias Visuais da EPM\/Unifesp em Conselhos, Comit\u00eas, Comiss\u00f5es e outras atividades de car\u00e1ter p\u00fablico municipal, estadual e federal, bem como sua inclus\u00e3o a n\u00edvel internacional, auxilia no direcionamento das atividades t\u00e9cnico-cient\u00edficas do programa. Alia-se a esse corpo docente qualificado infra-estrutura t\u00e9cnico-administrativa reconhecida como uma das melhores do Brasil na \u00e1rea de Oftalmologia e Ci\u00eancias Visuais, conforme avalia\u00e7\u00e3o da CAPES.<\/p>\n","protected":false},"excerpt":{"rendered":"<p>Programa de Mestrado Profissional&nbsp;Em Tecnologia, Gest\u00e3o e Sa\u00fade Ocular Aprovado pelo parecer MEC 271\/2013, em 09\/04\/2013, o Programa de P\u00f3s-gradua\u00e7\u00e3o (PPG) da Escola Paulista de Medicina\/Universidade Federal de S\u00e3o Paulo (EPM\/Unifesp) para o curso de Mestrado Profissional (MP) em Tecnologia, Gest\u00e3o e Sa\u00fade Ocular, inicialmente denominado de Mestrado Profissional em Oftalmologia e Ci\u00eancias Visuais, abriu [&hellip;]<\/p>\n","protected":false},"author":1,"featured_media":0,"parent":0,"menu_order":0,"comment_status":"closed","ping_status":"closed","template":"","meta":{"_acf_changed":false,"footnotes":""},"class_list":["post-54","page","type-page","status-publish","hentry"],"acf":[],"yoast_head":"<!-- This site is optimized with the Yoast SEO plugin v27.4 - https:\/\/yoast.com\/product\/yoast-seo-wordpress\/ -->\n<title>Hist\u00f3rico - Mestrado Profissional em Tecnologia, Gest\u00e3o e Sa\u00fade Ocular da UNIFESP<\/title>\n<meta name=\"robots\" content=\"index, follow, max-snippet:-1, max-image-preview:large, max-video-preview:-1\" \/>\n<link rel=\"canonical\" href=\"https:\/\/pg.oftalmodapaulista.com.br\/mp\/historico\/\" \/>\n<meta property=\"og:locale\" content=\"pt_BR\" \/>\n<meta property=\"og:type\" content=\"article\" \/>\n<meta property=\"og:title\" content=\"Hist\u00f3rico - Mestrado Profissional em Tecnologia, Gest\u00e3o e Sa\u00fade Ocular da UNIFESP\" \/>\n<meta property=\"og:description\" content=\"Programa de Mestrado Profissional&nbsp;Em Tecnologia, Gest\u00e3o e Sa\u00fade Ocular Aprovado pelo parecer MEC 271\/2013, em 09\/04\/2013, o Programa de P\u00f3s-gradua\u00e7\u00e3o (PPG) da Escola Paulista de Medicina\/Universidade Federal de S\u00e3o Paulo (EPM\/Unifesp) para o curso de Mestrado Profissional (MP) em Tecnologia, Gest\u00e3o e Sa\u00fade Ocular, inicialmente denominado de Mestrado Profissional em Oftalmologia e Ci\u00eancias Visuais, abriu [&hellip;]\" \/>\n<meta property=\"og:url\" content=\"https:\/\/pg.oftalmodapaulista.com.br\/mp\/historico\/\" \/>\n<meta property=\"og:site_name\" content=\"Mestrado Profissional em Tecnologia, Gest\u00e3o e Sa\u00fade Ocular da UNIFESP\" \/>\n<meta property=\"article:modified_time\" content=\"2024-10-25T14:18:01+00:00\" \/>\n<meta name=\"twitter:card\" content=\"summary_large_image\" \/>\n<meta name=\"twitter:label1\" content=\"Est. tempo de leitura\" \/>\n\t<meta name=\"twitter:data1\" content=\"2 minutos\" \/>\n<script type=\"application\/ld+json\" class=\"yoast-schema-graph\">{\"@context\":\"https:\\\/\\\/schema.org\",\"@graph\":[{\"@type\":\"WebPage\",\"@id\":\"https:\\\/\\\/pg.oftalmodapaulista.com.br\\\/mp\\\/historico\\\/\",\"url\":\"https:\\\/\\\/pg.oftalmodapaulista.com.br\\\/mp\\\/historico\\\/\",\"name\":\"Hist\u00f3rico - Mestrado Profissional em Tecnologia, Gest\u00e3o e Sa\u00fade Ocular da UNIFESP\",\"isPartOf\":{\"@id\":\"https:\\\/\\\/pg.oftalmodapaulista.com.br\\\/mp\\\/#website\"},\"datePublished\":\"2024-10-25T14:03:55+00:00\",\"dateModified\":\"2024-10-25T14:18:01+00:00\",\"breadcrumb\":{\"@id\":\"https:\\\/\\\/pg.oftalmodapaulista.com.br\\\/mp\\\/historico\\\/#breadcrumb\"},\"inLanguage\":\"pt-BR\",\"potentialAction\":[{\"@type\":\"ReadAction\",\"target\":[\"https:\\\/\\\/pg.oftalmodapaulista.com.br\\\/mp\\\/historico\\\/\"]}]},{\"@type\":\"BreadcrumbList\",\"@id\":\"https:\\\/\\\/pg.oftalmodapaulista.com.br\\\/mp\\\/historico\\\/#breadcrumb\",\"itemListElement\":[{\"@type\":\"ListItem\",\"position\":1,\"name\":\"In\u00edcio\",\"item\":\"https:\\\/\\\/pg.oftalmodapaulista.com.br\\\/mp\\\/\"},{\"@type\":\"ListItem\",\"position\":2,\"name\":\"Hist\u00f3rico\"}]},{\"@type\":\"WebSite\",\"@id\":\"https:\\\/\\\/pg.oftalmodapaulista.com.br\\\/mp\\\/#website\",\"url\":\"https:\\\/\\\/pg.oftalmodapaulista.com.br\\\/mp\\\/\",\"name\":\"Mestrado Profissional em Tecnologia, Gest\u00e3o e Sa\u00fade Ocular da UNIFESP\",\"description\":\"\",\"potentialAction\":[{\"@type\":\"SearchAction\",\"target\":{\"@type\":\"EntryPoint\",\"urlTemplate\":\"https:\\\/\\\/pg.oftalmodapaulista.com.br\\\/mp\\\/?s={search_term_string}\"},\"query-input\":{\"@type\":\"PropertyValueSpecification\",\"valueRequired\":true,\"valueName\":\"search_term_string\"}}],\"inLanguage\":\"pt-BR\"}]}<\/script>\n<!-- \/ Yoast SEO plugin. -->","yoast_head_json":{"title":"Hist\u00f3rico - Mestrado Profissional em Tecnologia, Gest\u00e3o e Sa\u00fade Ocular da UNIFESP","robots":{"index":"index","follow":"follow","max-snippet":"max-snippet:-1","max-image-preview":"max-image-preview:large","max-video-preview":"max-video-preview:-1"},"canonical":"https:\/\/pg.oftalmodapaulista.com.br\/mp\/historico\/","og_locale":"pt_BR","og_type":"article","og_title":"Hist\u00f3rico - Mestrado Profissional em Tecnologia, Gest\u00e3o e Sa\u00fade Ocular da UNIFESP","og_description":"Programa de Mestrado Profissional&nbsp;Em Tecnologia, Gest\u00e3o e Sa\u00fade Ocular Aprovado pelo parecer MEC 271\/2013, em 09\/04\/2013, o Programa de P\u00f3s-gradua\u00e7\u00e3o (PPG) da Escola Paulista de Medicina\/Universidade Federal de S\u00e3o Paulo (EPM\/Unifesp) para o curso de Mestrado Profissional (MP) em Tecnologia, Gest\u00e3o e Sa\u00fade Ocular, inicialmente denominado de Mestrado Profissional em Oftalmologia e Ci\u00eancias Visuais, abriu [&hellip;]","og_url":"https:\/\/pg.oftalmodapaulista.com.br\/mp\/historico\/","og_site_name":"Mestrado Profissional em Tecnologia, Gest\u00e3o e Sa\u00fade Ocular da UNIFESP","article_modified_time":"2024-10-25T14:18:01+00:00","twitter_card":"summary_large_image","twitter_misc":{"Est. tempo de leitura":"2 minutos"},"schema":{"@context":"https:\/\/schema.org","@graph":[{"@type":"WebPage","@id":"https:\/\/pg.oftalmodapaulista.com.br\/mp\/historico\/","url":"https:\/\/pg.oftalmodapaulista.com.br\/mp\/historico\/","name":"Hist\u00f3rico - Mestrado Profissional em Tecnologia, Gest\u00e3o e Sa\u00fade Ocular da UNIFESP","isPartOf":{"@id":"https:\/\/pg.oftalmodapaulista.com.br\/mp\/#website"},"datePublished":"2024-10-25T14:03:55+00:00","dateModified":"2024-10-25T14:18:01+00:00","breadcrumb":{"@id":"https:\/\/pg.oftalmodapaulista.com.br\/mp\/historico\/#breadcrumb"},"inLanguage":"pt-BR","potentialAction":[{"@type":"ReadAction","target":["https:\/\/pg.oftalmodapaulista.com.br\/mp\/historico\/"]}]},{"@type":"BreadcrumbList","@id":"https:\/\/pg.oftalmodapaulista.com.br\/mp\/historico\/#breadcrumb","itemListElement":[{"@type":"ListItem","position":1,"name":"In\u00edcio","item":"https:\/\/pg.oftalmodapaulista.com.br\/mp\/"},{"@type":"ListItem","position":2,"name":"Hist\u00f3rico"}]},{"@type":"WebSite","@id":"https:\/\/pg.oftalmodapaulista.com.br\/mp\/#website","url":"https:\/\/pg.oftalmodapaulista.com.br\/mp\/","name":"Mestrado Profissional em Tecnologia, Gest\u00e3o e Sa\u00fade Ocular da UNIFESP","description":"","potentialAction":[{"@type":"SearchAction","target":{"@type":"EntryPoint","urlTemplate":"https:\/\/pg.oftalmodapaulista.com.br\/mp\/?s={search_term_string}"},"query-input":{"@type":"PropertyValueSpecification","valueRequired":true,"valueName":"search_term_string"}}],"inLanguage":"pt-BR"}]}},"_links":{"self":[{"href":"https:\/\/pg.oftalmodapaulista.com.br\/mp\/wp-json\/wp\/v2\/pages\/54","targetHints":{"allow":["GET"]}}],"collection":[{"href":"https:\/\/pg.oftalmodapaulista.com.br\/mp\/wp-json\/wp\/v2\/pages"}],"about":[{"href":"https:\/\/pg.oftalmodapaulista.com.br\/mp\/wp-json\/wp\/v2\/types\/page"}],"author":[{"embeddable":true,"href":"https:\/\/pg.oftalmodapaulista.com.br\/mp\/wp-json\/wp\/v2\/users\/1"}],"replies":[{"embeddable":true,"href":"https:\/\/pg.oftalmodapaulista.com.br\/mp\/wp-json\/wp\/v2\/comments?post=54"}],"version-history":[{"count":2,"href":"https:\/\/pg.oftalmodapaulista.com.br\/mp\/wp-json\/wp\/v2\/pages\/54\/revisions"}],"predecessor-version":[{"id":66,"href":"https:\/\/pg.oftalmodapaulista.com.br\/mp\/wp-json\/wp\/v2\/pages\/54\/revisions\/66"}],"wp:attachment":[{"href":"https:\/\/pg.oftalmodapaulista.com.br\/mp\/wp-json\/wp\/v2\/media?parent=54"}],"curies":[{"name":"wp","href":"https:\/\/api.w.org\/{rel}","templated":true}]}}