{"id":517,"date":"2025-10-23T14:37:45","date_gmt":"2025-10-23T17:37:45","guid":{"rendered":"https:\/\/pg.oftalmodapaulista.com.br\/mp\/?page_id=517"},"modified":"2025-11-14T16:17:25","modified_gmt":"2025-11-14T19:17:25","slug":"saude-ocular-na-infancia","status":"publish","type":"page","link":"https:\/\/pg.oftalmodapaulista.com.br\/mp\/saude-ocular-na-infancia\/","title":{"rendered":"Evento de extens\u00e3o"},"content":{"rendered":"\n<div class=\"wp-block-columns is-layout-flex wp-container-core-columns-is-layout-9d6595d7 wp-block-columns-is-layout-flex\">\n<div class=\"wp-block-column is-layout-flow wp-block-column-is-layout-flow\" style=\"flex-basis:100%\">\n<div class=\"wp-block-group\"><div class=\"wp-block-group__inner-container is-layout-constrained wp-block-group-is-layout-constrained\">\n<h1 class=\"wp-block-heading\">Sa\u00fade ocular na inf\u00e2ncia: curso para professores da educa\u00e7\u00e3o b\u00e1sica<\/h1>\n<\/div><\/div>\n<\/div>\n<\/div>\n\n\n\n<div class=\"wp-block-group\"><div class=\"wp-block-group__inner-container is-layout-constrained wp-block-group-is-layout-constrained\"><\/div><\/div>\n\n\n\n<p><br><strong>Realiza\u00e7\u00e3o:<\/strong> Programa de Mestrado Profissional em Tecnologia, Gest\u00e3o e Sa\u00fade Ocular<br><br><strong>\u00c1rea de concentra\u00e7\u00e3o: <\/strong>Pesquisa, gest\u00e3o, tecnologia e sa\u00fade ocular<br><br><strong>Linha de Atua\u00e7\u00e3o Cient\u00edfico-Tecnol\u00f3gica: <\/strong>1.2. Avalia\u00e7\u00e3o do sistema visual, epidemiologia, preven\u00e7\u00e3o e impacto da defici\u00eancia visual<br><br><strong>Carga hor\u00e1ria:<\/strong> 10h<br><br><strong>Per\u00edodo:<\/strong> 10 e 11\/12\/2025 (14:00-19:00), 1 encontro te\u00f3rico e 1 encontro pr\u00e1tico<br><br><strong>Vagas:<\/strong> 30<br><br><strong>P\u00fablico-alvo:<\/strong> Professores da Educa\u00e7\u00e3o B\u00e1sica<br><\/p>\n\n\n\n<div class=\"wp-block-group\"><div class=\"wp-block-group__inner-container is-layout-constrained wp-block-group-is-layout-constrained\">\n<p><strong>Ementa<\/strong><br>Propiciar ao professor conhecimentos b\u00e1sicos sobre o sentido da vis\u00e3o e sua rela\u00e7\u00e3o com o desenvolvimento global da crian\u00e7a e o desempenho escolar.<br><\/p>\n\n\n\n<p><strong>Objetivo<\/strong><br>Conhecer os fundamentos b\u00e1sicos do desenvolvimento visual normal, as principais fun\u00e7\u00f5es visuais e sinais e sintomas de altera\u00e7\u00f5es visuais e oculares na inf\u00e2ncia.<\/p>\n<\/div><\/div>\n\n\n\n<p><\/p>\n\n\n\n<p><strong>Aten\u00e7\u00e3o:<\/strong> a parte te\u00f3rica (dia 10\/11\/2025) poder\u00e1 ser acompanhada na modalidade presencial ou online, por\u00e9m a parte pr\u00e1tica (dia 11\/12\/2025) ocorrer\u00e1 apenas presencialmente.<\/p>\n\n\n\n<p>Ap\u00f3s a inscri\u00e7\u00e3o, ingresse no grupo exclusivo de WhatsApp para acompanhar os preparativos para o evento <a href=\"https:\/\/chat.whatsapp.com\/EkZCxWGZ50V18agoXKllmg\"><mark style=\"background-color:#7bdcb5\" class=\"has-inline-color\">Clique aqui para ingressar no grupo<\/mark><\/a><\/p>\n\n\n\n<h2 class=\"wp-block-heading\">Conte\u00fado Program\u00e1tico<\/h2>\n\n\n\n<p><br><strong>10\/12\/2025 (Presencial ou online)<\/strong><br>I &#8211; Aulas te\u00f3ricas expositivas <br>1) Desenvolvimento da vis\u00e3o: Profa. Dra. Paula Yuri Sacai (14:00 &#8211; 14:45) <br>2) Principais fun\u00e7\u00f5es visuais a. Acuidade visual: Profa. Dra. N\u00edvea Nunes Ferraz (14:45 &#8211; 15:15) <br>b. Sensibilidade ao contraste: Prof. Dr. Filipe de Oliveira (15:15 &#8211; 15:45) <br>c. Vis\u00e3o de cores: Profa. Dra. Paula Yuri Sacai (15:45 &#8211; 16:15) <br>INTERVALO (16:15 &#8211; 16:45) <br>d. Campo visual: Prof. Dr. Filipe de Oliveira (16:45 &#8211; 17:15) <br>e. Estereopsia: Profa. Dra. N\u00edvea Nunes Ferraz (17:15 &#8211; 17:45) <br>f. Desempenho de leitura: Me. Yan Jonathan D&#8217;Almeida Souza (17:45 &#8211; 18:15) <br>3) Principais sinais e sintomas de altera\u00e7\u00f5es visuais e oculares na inf\u00e2ncia: Me. Andr\u00e9 Leite da Silva (18:15 &#8211; 19:00) <br><\/p>\n\n\n\n<p><strong>11\/12\/2025<\/strong> <strong>(Somente presencial)<\/strong><br>II &#8211; Oficina pr\u00e1tica com exposi\u00e7\u00e3o dos testes cl\u00ednicos utilizados na avalia\u00e7\u00e3o das fun\u00e7\u00f5es visuais em crian\u00e7as (14:00 &#8211; 16:15) <br>INTERVALO (16:15 &#8211; 16:45) <br>III &#8211; Treinamento pr\u00e1tico para a realiza\u00e7\u00e3o da triagem de acuidade visual (teste de Snellen) (16:45 &#8211; 19:00)<\/p>\n\n\n\n<div class=\"wp-block-buttons is-content-justification-center is-layout-flex wp-container-core-buttons-is-layout-d9cd0f1e wp-block-buttons-is-layout-flex\">\n<div class=\"wp-block-button\"><a class=\"wp-block-button__link wp-element-button\" href=\"https:\/\/siex.siiu.unifesp.br\/catalogo-siex\/28752\/mais-info\" target=\"_blank\" rel=\"noreferrer noopener\">INSCREVA-SE<\/a><\/div>\n<\/div>\n\n\n\n<p><\/p>\n\n\n\n<p><\/p>\n\n\n\n<p><\/p>\n\n\n\n<p><\/p>\n\n\n\n<p>Apoio: Coordena\u00e7\u00e3o de Aperfei\u00e7oamento de Pessoal de N\u00edvel Superior &#8211; Brasil (CAPES) \u2013 Processo n\u00ba 88881.927472\/2023-01, PROGRAMA DE EXTENS\u00c3O DA EDUCA\u00c7\u00c3O SUPERIOR NA P\u00d3S-GRADUA\u00c7\u00c3O.<\/p>\n","protected":false},"excerpt":{"rendered":"<p>Sa\u00fade ocular na inf\u00e2ncia: curso para professores da educa\u00e7\u00e3o b\u00e1sica Realiza\u00e7\u00e3o: Programa de Mestrado Profissional em Tecnologia, Gest\u00e3o e Sa\u00fade Ocular \u00c1rea de concentra\u00e7\u00e3o: Pesquisa, gest\u00e3o, tecnologia e sa\u00fade ocular Linha de Atua\u00e7\u00e3o Cient\u00edfico-Tecnol\u00f3gica: 1.2. Avalia\u00e7\u00e3o do sistema visual, epidemiologia, preven\u00e7\u00e3o e impacto da defici\u00eancia visual Carga hor\u00e1ria: 10h Per\u00edodo: 10 e 11\/12\/2025 (14:00-19:00), 1 [&hellip;]<\/p>\n","protected":false},"author":2,"featured_media":0,"parent":0,"menu_order":0,"comment_status":"closed","ping_status":"closed","template":"","meta":{"_acf_changed":false,"footnotes":""},"class_list":["post-517","page","type-page","status-publish","hentry"],"acf":[],"yoast_head":"<!-- This site is optimized with the Yoast SEO plugin v27.4 - https:\/\/yoast.com\/product\/yoast-seo-wordpress\/ -->\n<title>Evento de extens\u00e3o - Mestrado Profissional em Tecnologia, Gest\u00e3o e Sa\u00fade Ocular da UNIFESP<\/title>\n<meta name=\"robots\" content=\"index, follow, max-snippet:-1, max-image-preview:large, max-video-preview:-1\" \/>\n<link rel=\"canonical\" href=\"https:\/\/pg.oftalmodapaulista.com.br\/mp\/saude-ocular-na-infancia\/\" \/>\n<meta property=\"og:locale\" content=\"pt_BR\" \/>\n<meta property=\"og:type\" content=\"article\" \/>\n<meta property=\"og:title\" content=\"Evento de extens\u00e3o - Mestrado Profissional em Tecnologia, Gest\u00e3o e Sa\u00fade Ocular da UNIFESP\" \/>\n<meta property=\"og:description\" content=\"Sa\u00fade ocular na inf\u00e2ncia: curso para professores da educa\u00e7\u00e3o b\u00e1sica Realiza\u00e7\u00e3o: Programa de Mestrado Profissional em Tecnologia, Gest\u00e3o e Sa\u00fade Ocular \u00c1rea de concentra\u00e7\u00e3o: Pesquisa, gest\u00e3o, tecnologia e sa\u00fade ocular Linha de Atua\u00e7\u00e3o Cient\u00edfico-Tecnol\u00f3gica: 1.2. Avalia\u00e7\u00e3o do sistema visual, epidemiologia, preven\u00e7\u00e3o e impacto da defici\u00eancia visual Carga hor\u00e1ria: 10h Per\u00edodo: 10 e 11\/12\/2025 (14:00-19:00), 1 [&hellip;]\" \/>\n<meta property=\"og:url\" content=\"https:\/\/pg.oftalmodapaulista.com.br\/mp\/saude-ocular-na-infancia\/\" \/>\n<meta property=\"og:site_name\" content=\"Mestrado Profissional em Tecnologia, Gest\u00e3o e Sa\u00fade Ocular da UNIFESP\" \/>\n<meta property=\"article:modified_time\" content=\"2025-11-14T19:17:25+00:00\" \/>\n<meta name=\"twitter:card\" content=\"summary_large_image\" \/>\n<meta name=\"twitter:label1\" content=\"Est. tempo de leitura\" \/>\n\t<meta name=\"twitter:data1\" content=\"2 minutos\" \/>\n<script type=\"application\/ld+json\" class=\"yoast-schema-graph\">{\"@context\":\"https:\\\/\\\/schema.org\",\"@graph\":[{\"@type\":\"WebPage\",\"@id\":\"https:\\\/\\\/pg.oftalmodapaulista.com.br\\\/mp\\\/saude-ocular-na-infancia\\\/\",\"url\":\"https:\\\/\\\/pg.oftalmodapaulista.com.br\\\/mp\\\/saude-ocular-na-infancia\\\/\",\"name\":\"Evento de extens\u00e3o - Mestrado Profissional em Tecnologia, Gest\u00e3o e Sa\u00fade Ocular da UNIFESP\",\"isPartOf\":{\"@id\":\"https:\\\/\\\/pg.oftalmodapaulista.com.br\\\/mp\\\/#website\"},\"datePublished\":\"2025-10-23T17:37:45+00:00\",\"dateModified\":\"2025-11-14T19:17:25+00:00\",\"breadcrumb\":{\"@id\":\"https:\\\/\\\/pg.oftalmodapaulista.com.br\\\/mp\\\/saude-ocular-na-infancia\\\/#breadcrumb\"},\"inLanguage\":\"pt-BR\",\"potentialAction\":[{\"@type\":\"ReadAction\",\"target\":[\"https:\\\/\\\/pg.oftalmodapaulista.com.br\\\/mp\\\/saude-ocular-na-infancia\\\/\"]}]},{\"@type\":\"BreadcrumbList\",\"@id\":\"https:\\\/\\\/pg.oftalmodapaulista.com.br\\\/mp\\\/saude-ocular-na-infancia\\\/#breadcrumb\",\"itemListElement\":[{\"@type\":\"ListItem\",\"position\":1,\"name\":\"In\u00edcio\",\"item\":\"https:\\\/\\\/pg.oftalmodapaulista.com.br\\\/mp\\\/\"},{\"@type\":\"ListItem\",\"position\":2,\"name\":\"Evento de extens\u00e3o\"}]},{\"@type\":\"WebSite\",\"@id\":\"https:\\\/\\\/pg.oftalmodapaulista.com.br\\\/mp\\\/#website\",\"url\":\"https:\\\/\\\/pg.oftalmodapaulista.com.br\\\/mp\\\/\",\"name\":\"Mestrado Profissional em Tecnologia, Gest\u00e3o e Sa\u00fade Ocular da UNIFESP\",\"description\":\"\",\"potentialAction\":[{\"@type\":\"SearchAction\",\"target\":{\"@type\":\"EntryPoint\",\"urlTemplate\":\"https:\\\/\\\/pg.oftalmodapaulista.com.br\\\/mp\\\/?s={search_term_string}\"},\"query-input\":{\"@type\":\"PropertyValueSpecification\",\"valueRequired\":true,\"valueName\":\"search_term_string\"}}],\"inLanguage\":\"pt-BR\"}]}<\/script>\n<!-- \/ Yoast SEO plugin. -->","yoast_head_json":{"title":"Evento de extens\u00e3o - Mestrado Profissional em Tecnologia, Gest\u00e3o e Sa\u00fade Ocular da UNIFESP","robots":{"index":"index","follow":"follow","max-snippet":"max-snippet:-1","max-image-preview":"max-image-preview:large","max-video-preview":"max-video-preview:-1"},"canonical":"https:\/\/pg.oftalmodapaulista.com.br\/mp\/saude-ocular-na-infancia\/","og_locale":"pt_BR","og_type":"article","og_title":"Evento de extens\u00e3o - Mestrado Profissional em Tecnologia, Gest\u00e3o e Sa\u00fade Ocular da UNIFESP","og_description":"Sa\u00fade ocular na inf\u00e2ncia: curso para professores da educa\u00e7\u00e3o b\u00e1sica Realiza\u00e7\u00e3o: Programa de Mestrado Profissional em Tecnologia, Gest\u00e3o e Sa\u00fade Ocular \u00c1rea de concentra\u00e7\u00e3o: Pesquisa, gest\u00e3o, tecnologia e sa\u00fade ocular Linha de Atua\u00e7\u00e3o Cient\u00edfico-Tecnol\u00f3gica: 1.2. Avalia\u00e7\u00e3o do sistema visual, epidemiologia, preven\u00e7\u00e3o e impacto da defici\u00eancia visual Carga hor\u00e1ria: 10h Per\u00edodo: 10 e 11\/12\/2025 (14:00-19:00), 1 [&hellip;]","og_url":"https:\/\/pg.oftalmodapaulista.com.br\/mp\/saude-ocular-na-infancia\/","og_site_name":"Mestrado Profissional em Tecnologia, Gest\u00e3o e Sa\u00fade Ocular da UNIFESP","article_modified_time":"2025-11-14T19:17:25+00:00","twitter_card":"summary_large_image","twitter_misc":{"Est. tempo de leitura":"2 minutos"},"schema":{"@context":"https:\/\/schema.org","@graph":[{"@type":"WebPage","@id":"https:\/\/pg.oftalmodapaulista.com.br\/mp\/saude-ocular-na-infancia\/","url":"https:\/\/pg.oftalmodapaulista.com.br\/mp\/saude-ocular-na-infancia\/","name":"Evento de extens\u00e3o - Mestrado Profissional em Tecnologia, Gest\u00e3o e Sa\u00fade Ocular da UNIFESP","isPartOf":{"@id":"https:\/\/pg.oftalmodapaulista.com.br\/mp\/#website"},"datePublished":"2025-10-23T17:37:45+00:00","dateModified":"2025-11-14T19:17:25+00:00","breadcrumb":{"@id":"https:\/\/pg.oftalmodapaulista.com.br\/mp\/saude-ocular-na-infancia\/#breadcrumb"},"inLanguage":"pt-BR","potentialAction":[{"@type":"ReadAction","target":["https:\/\/pg.oftalmodapaulista.com.br\/mp\/saude-ocular-na-infancia\/"]}]},{"@type":"BreadcrumbList","@id":"https:\/\/pg.oftalmodapaulista.com.br\/mp\/saude-ocular-na-infancia\/#breadcrumb","itemListElement":[{"@type":"ListItem","position":1,"name":"In\u00edcio","item":"https:\/\/pg.oftalmodapaulista.com.br\/mp\/"},{"@type":"ListItem","position":2,"name":"Evento de extens\u00e3o"}]},{"@type":"WebSite","@id":"https:\/\/pg.oftalmodapaulista.com.br\/mp\/#website","url":"https:\/\/pg.oftalmodapaulista.com.br\/mp\/","name":"Mestrado Profissional em Tecnologia, Gest\u00e3o e Sa\u00fade Ocular da UNIFESP","description":"","potentialAction":[{"@type":"SearchAction","target":{"@type":"EntryPoint","urlTemplate":"https:\/\/pg.oftalmodapaulista.com.br\/mp\/?s={search_term_string}"},"query-input":{"@type":"PropertyValueSpecification","valueRequired":true,"valueName":"search_term_string"}}],"inLanguage":"pt-BR"}]}},"_links":{"self":[{"href":"https:\/\/pg.oftalmodapaulista.com.br\/mp\/wp-json\/wp\/v2\/pages\/517","targetHints":{"allow":["GET"]}}],"collection":[{"href":"https:\/\/pg.oftalmodapaulista.com.br\/mp\/wp-json\/wp\/v2\/pages"}],"about":[{"href":"https:\/\/pg.oftalmodapaulista.com.br\/mp\/wp-json\/wp\/v2\/types\/page"}],"author":[{"embeddable":true,"href":"https:\/\/pg.oftalmodapaulista.com.br\/mp\/wp-json\/wp\/v2\/users\/2"}],"replies":[{"embeddable":true,"href":"https:\/\/pg.oftalmodapaulista.com.br\/mp\/wp-json\/wp\/v2\/comments?post=517"}],"version-history":[{"count":20,"href":"https:\/\/pg.oftalmodapaulista.com.br\/mp\/wp-json\/wp\/v2\/pages\/517\/revisions"}],"predecessor-version":[{"id":556,"href":"https:\/\/pg.oftalmodapaulista.com.br\/mp\/wp-json\/wp\/v2\/pages\/517\/revisions\/556"}],"wp:attachment":[{"href":"https:\/\/pg.oftalmodapaulista.com.br\/mp\/wp-json\/wp\/v2\/media?parent=517"}],"curies":[{"name":"wp","href":"https:\/\/api.w.org\/{rel}","templated":true}]}}