{"id":48,"date":"2024-10-21T17:07:41","date_gmt":"2024-10-21T20:07:41","guid":{"rendered":"https:\/\/homolog.planetaw.ag\/pg\/?page_id=48"},"modified":"2025-05-05T15:38:13","modified_gmt":"2025-05-05T18:38:13","slug":"responsabilidade-social","status":"publish","type":"page","link":"https:\/\/pg.oftalmodapaulista.com.br\/mp\/responsabilidade-social\/","title":{"rendered":"Responsabilidade Social"},"content":{"rendered":"\n<p>O programa&nbsp;<strong>\u201cDE OLHO NA VIS\u00c3O DO FUTURO\u201d<\/strong>, que visa introduzir a pesquisa cient\u00edfica para alunos do ensino b\u00e1sico e fundamental. Esta iniciativa \u00e9 incentivada pela Coordena\u00e7\u00e3o de Aperfei\u00e7oamento de Pessoal de N\u00edvel Superior (CAPES), ligado ao Minist\u00e9rio da Educa\u00e7\u00e3o e Cultura, sendo realizada pelos Docentes do Programa de P\u00f3s-gradua\u00e7\u00e3o em Oftalmologia e Ci\u00eancias Visuais da Escola Paulista de Medicina, Universidade Federal de S\u00e3o Paulo (UNIFESP).<\/p>\n\n\n\n<p>Basicamente os alunos e seus pais, enquanto aguardam para o exame, s\u00e3o expostos a palestras e intera\u00e7\u00e3o com pesquisa, do tipo visibilizar em microsc\u00f3pios c\u00e9lulas, experimentar luzes e prismas, entre outros.<\/p>\n\n\n\n<p>Durante a Disciplina Vis\u00e3o: desenvolvimento, fun\u00e7\u00f5es e defici\u00eancia, os p\u00f3s-graduandos de Mestrado Profissional realizam atividade de aten\u00e7\u00e3o prim\u00e1ria \u00e0 sa\u00fade ocular para professores do ensino infantil e\/ou fundamental: a\u00e7\u00e3o informativa\/educativa sobre os cuidados com a sa\u00fade geral e ocular, e preven\u00e7\u00e3o de acidentes e doen\u00e7as oculares.<\/p>\n\n\n\n<p>Material Did\u00e1tico:<\/p>\n\n\n\n<div class=\"wp-block-group is-nowrap is-layout-flex wp-container-core-group-is-layout-ad2f72ca wp-block-group-is-layout-flex\">\n<div class=\"wp-block-buttons is-layout-flex wp-block-buttons-is-layout-flex\">\n<div class=\"wp-block-button\"><a class=\"wp-block-button__link wp-element-button\" href=\"http:\/\/www.oftalmounifesp.com.br\/pg\/mp\/wp-content\/uploads\/2016\/07\/Folheto-Dentro.pdf\" target=\"_blank\" rel=\"noreferrer noopener\">Folheto Dentro<\/a><\/div>\n\n\n\n<div class=\"wp-block-button\"><a class=\"wp-block-button__link wp-element-button\" href=\"http:\/\/www.oftalmounifesp.com.br\/pg\/mp\/wp-content\/uploads\/2016\/07\/Folheto-Fora.pdf\" target=\"_blank\" rel=\"noreferrer noopener\">Folheto Fora<\/a><\/div>\n<\/div>\n<\/div>\n\n\n\n<h2 class=\"wp-block-heading fs-4 text-secondary border-bottom border-secondary border-2 pb-2\">Galeria de Fotos<\/h2>\n\n\n\n\t\t<style type=\"text\/css\">\n\t\t\t#gallery-1 {\n\t\t\t\tmargin: auto;\n\t\t\t}\n\t\t\t#gallery-1 .gallery-item {\n\t\t\t\tfloat: left;\n\t\t\t\tmargin-top: 10px;\n\t\t\t\ttext-align: center;\n\t\t\t\twidth: 20%;\n\t\t\t}\n\t\t\t#gallery-1 img {\n\t\t\t\tborder: 2px solid #cfcfcf;\n\t\t\t}\n\t\t\t#gallery-1 .gallery-caption {\n\t\t\t\tmargin-left: 0;\n\t\t\t}\n\t\t\t\/* see gallery_shortcode() in wp-includes\/media.php *\/\n\t\t<\/style>\n\t\t<div id='gallery-1' class='gallery galleryid-48 gallery-columns-5 gallery-size-full'><div class='gallery-item'>\n\t\t\t<figure class='gallery-icon portrait'>\n\t\t\t\t<a href='https:\/\/pg.oftalmodapaulista.com.br\/mp\/wp-content\/uploads\/IMG_20160617_095025269-scaled.jpg'><img loading=\"lazy\" decoding=\"async\" width=\"1440\" height=\"2560\" src=\"https:\/\/pg.oftalmodapaulista.com.br\/mp\/wp-content\/uploads\/IMG_20160617_095025269-scaled.jpg\" class=\"attachment-full size-full\" alt=\"\" srcset=\"https:\/\/pg.oftalmodapaulista.com.br\/mp\/wp-content\/uploads\/IMG_20160617_095025269-scaled.jpg 1440w, https:\/\/pg.oftalmodapaulista.com.br\/mp\/wp-content\/uploads\/IMG_20160617_095025269-169x300.jpg 169w, https:\/\/pg.oftalmodapaulista.com.br\/mp\/wp-content\/uploads\/IMG_20160617_095025269-576x1024.jpg 576w, https:\/\/pg.oftalmodapaulista.com.br\/mp\/wp-content\/uploads\/IMG_20160617_095025269-768x1365.jpg 768w, https:\/\/pg.oftalmodapaulista.com.br\/mp\/wp-content\/uploads\/IMG_20160617_095025269-864x1536.jpg 864w, https:\/\/pg.oftalmodapaulista.com.br\/mp\/wp-content\/uploads\/IMG_20160617_095025269-1152x2048.jpg 1152w\" sizes=\"auto, (max-width: 1440px) 100vw, 1440px\" \/><\/a>\n\t\t\t<\/figure><\/div><div class='gallery-item'>\n\t\t\t<figure class='gallery-icon portrait'>\n\t\t\t\t<a href='https:\/\/pg.oftalmodapaulista.com.br\/mp\/wp-content\/uploads\/IMG_20160617_095011896-scaled.jpg'><img loading=\"lazy\" decoding=\"async\" width=\"1440\" height=\"2560\" src=\"https:\/\/pg.oftalmodapaulista.com.br\/mp\/wp-content\/uploads\/IMG_20160617_095011896-scaled.jpg\" class=\"attachment-full size-full\" alt=\"\" srcset=\"https:\/\/pg.oftalmodapaulista.com.br\/mp\/wp-content\/uploads\/IMG_20160617_095011896-scaled.jpg 1440w, https:\/\/pg.oftalmodapaulista.com.br\/mp\/wp-content\/uploads\/IMG_20160617_095011896-169x300.jpg 169w, https:\/\/pg.oftalmodapaulista.com.br\/mp\/wp-content\/uploads\/IMG_20160617_095011896-576x1024.jpg 576w, https:\/\/pg.oftalmodapaulista.com.br\/mp\/wp-content\/uploads\/IMG_20160617_095011896-768x1365.jpg 768w, https:\/\/pg.oftalmodapaulista.com.br\/mp\/wp-content\/uploads\/IMG_20160617_095011896-864x1536.jpg 864w, https:\/\/pg.oftalmodapaulista.com.br\/mp\/wp-content\/uploads\/IMG_20160617_095011896-1152x2048.jpg 1152w\" sizes=\"auto, (max-width: 1440px) 100vw, 1440px\" \/><\/a>\n\t\t\t<\/figure><\/div><div class='gallery-item'>\n\t\t\t<figure class='gallery-icon landscape'>\n\t\t\t\t<a href='https:\/\/pg.oftalmodapaulista.com.br\/mp\/wp-content\/uploads\/IMG_6674.jpg'><img loading=\"lazy\" decoding=\"async\" width=\"1280\" height=\"960\" src=\"https:\/\/pg.oftalmodapaulista.com.br\/mp\/wp-content\/uploads\/IMG_6674.jpg\" class=\"attachment-full size-full\" alt=\"\" srcset=\"https:\/\/pg.oftalmodapaulista.com.br\/mp\/wp-content\/uploads\/IMG_6674.jpg 1280w, https:\/\/pg.oftalmodapaulista.com.br\/mp\/wp-content\/uploads\/IMG_6674-300x225.jpg 300w, https:\/\/pg.oftalmodapaulista.com.br\/mp\/wp-content\/uploads\/IMG_6674-1024x768.jpg 1024w, https:\/\/pg.oftalmodapaulista.com.br\/mp\/wp-content\/uploads\/IMG_6674-768x576.jpg 768w\" sizes=\"auto, (max-width: 1280px) 100vw, 1280px\" \/><\/a>\n\t\t\t<\/figure><\/div><div class='gallery-item'>\n\t\t\t<figure class='gallery-icon landscape'>\n\t\t\t\t<a href='https:\/\/pg.oftalmodapaulista.com.br\/mp\/wp-content\/uploads\/IMG_6673.jpg'><img loading=\"lazy\" decoding=\"async\" width=\"1280\" height=\"960\" src=\"https:\/\/pg.oftalmodapaulista.com.br\/mp\/wp-content\/uploads\/IMG_6673.jpg\" class=\"attachment-full size-full\" alt=\"\" srcset=\"https:\/\/pg.oftalmodapaulista.com.br\/mp\/wp-content\/uploads\/IMG_6673.jpg 1280w, https:\/\/pg.oftalmodapaulista.com.br\/mp\/wp-content\/uploads\/IMG_6673-300x225.jpg 300w, https:\/\/pg.oftalmodapaulista.com.br\/mp\/wp-content\/uploads\/IMG_6673-1024x768.jpg 1024w, https:\/\/pg.oftalmodapaulista.com.br\/mp\/wp-content\/uploads\/IMG_6673-768x576.jpg 768w\" sizes=\"auto, (max-width: 1280px) 100vw, 1280px\" \/><\/a>\n\t\t\t<\/figure><\/div><div class='gallery-item'>\n\t\t\t<figure class='gallery-icon portrait'>\n\t\t\t\t<a href='https:\/\/pg.oftalmodapaulista.com.br\/mp\/wp-content\/uploads\/IMG_6672.jpg'><img loading=\"lazy\" decoding=\"async\" width=\"960\" height=\"1280\" src=\"https:\/\/pg.oftalmodapaulista.com.br\/mp\/wp-content\/uploads\/IMG_6672.jpg\" class=\"attachment-full size-full\" alt=\"\" srcset=\"https:\/\/pg.oftalmodapaulista.com.br\/mp\/wp-content\/uploads\/IMG_6672.jpg 960w, https:\/\/pg.oftalmodapaulista.com.br\/mp\/wp-content\/uploads\/IMG_6672-225x300.jpg 225w, https:\/\/pg.oftalmodapaulista.com.br\/mp\/wp-content\/uploads\/IMG_6672-768x1024.jpg 768w\" sizes=\"auto, (max-width: 960px) 100vw, 960px\" \/><\/a>\n\t\t\t<\/figure><\/div><br style=\"clear: both\" \/><div class='gallery-item'>\n\t\t\t<figure class='gallery-icon portrait'>\n\t\t\t\t<a href='https:\/\/pg.oftalmodapaulista.com.br\/mp\/wp-content\/uploads\/IMG_6670.jpg'><img loading=\"lazy\" decoding=\"async\" width=\"960\" height=\"1280\" src=\"https:\/\/pg.oftalmodapaulista.com.br\/mp\/wp-content\/uploads\/IMG_6670.jpg\" class=\"attachment-full size-full\" alt=\"\" srcset=\"https:\/\/pg.oftalmodapaulista.com.br\/mp\/wp-content\/uploads\/IMG_6670.jpg 960w, https:\/\/pg.oftalmodapaulista.com.br\/mp\/wp-content\/uploads\/IMG_6670-225x300.jpg 225w, https:\/\/pg.oftalmodapaulista.com.br\/mp\/wp-content\/uploads\/IMG_6670-768x1024.jpg 768w\" sizes=\"auto, (max-width: 960px) 100vw, 960px\" \/><\/a>\n\t\t\t<\/figure><\/div><div class='gallery-item'>\n\t\t\t<figure class='gallery-icon landscape'>\n\t\t\t\t<a href='https:\/\/pg.oftalmodapaulista.com.br\/mp\/wp-content\/uploads\/IMG_6669.jpg'><img loading=\"lazy\" decoding=\"async\" width=\"1280\" height=\"960\" src=\"https:\/\/pg.oftalmodapaulista.com.br\/mp\/wp-content\/uploads\/IMG_6669.jpg\" class=\"attachment-full size-full\" alt=\"\" srcset=\"https:\/\/pg.oftalmodapaulista.com.br\/mp\/wp-content\/uploads\/IMG_6669.jpg 1280w, https:\/\/pg.oftalmodapaulista.com.br\/mp\/wp-content\/uploads\/IMG_6669-300x225.jpg 300w, https:\/\/pg.oftalmodapaulista.com.br\/mp\/wp-content\/uploads\/IMG_6669-1024x768.jpg 1024w, https:\/\/pg.oftalmodapaulista.com.br\/mp\/wp-content\/uploads\/IMG_6669-768x576.jpg 768w\" sizes=\"auto, (max-width: 1280px) 100vw, 1280px\" \/><\/a>\n\t\t\t<\/figure><\/div><div class='gallery-item'>\n\t\t\t<figure class='gallery-icon portrait'>\n\t\t\t\t<a href='https:\/\/pg.oftalmodapaulista.com.br\/mp\/wp-content\/uploads\/IMG_6671.jpg'><img loading=\"lazy\" decoding=\"async\" width=\"960\" height=\"1280\" src=\"https:\/\/pg.oftalmodapaulista.com.br\/mp\/wp-content\/uploads\/IMG_6671.jpg\" class=\"attachment-full size-full\" alt=\"\" srcset=\"https:\/\/pg.oftalmodapaulista.com.br\/mp\/wp-content\/uploads\/IMG_6671.jpg 960w, https:\/\/pg.oftalmodapaulista.com.br\/mp\/wp-content\/uploads\/IMG_6671-225x300.jpg 225w, https:\/\/pg.oftalmodapaulista.com.br\/mp\/wp-content\/uploads\/IMG_6671-768x1024.jpg 768w\" sizes=\"auto, (max-width: 960px) 100vw, 960px\" \/><\/a>\n\t\t\t<\/figure><\/div><div class='gallery-item'>\n\t\t\t<figure class='gallery-icon landscape'>\n\t\t\t\t<a href='https:\/\/pg.oftalmodapaulista.com.br\/mp\/wp-content\/uploads\/IMG_6668.jpg'><img loading=\"lazy\" decoding=\"async\" width=\"1280\" height=\"960\" src=\"https:\/\/pg.oftalmodapaulista.com.br\/mp\/wp-content\/uploads\/IMG_6668.jpg\" class=\"attachment-full size-full\" alt=\"\" srcset=\"https:\/\/pg.oftalmodapaulista.com.br\/mp\/wp-content\/uploads\/IMG_6668.jpg 1280w, https:\/\/pg.oftalmodapaulista.com.br\/mp\/wp-content\/uploads\/IMG_6668-300x225.jpg 300w, https:\/\/pg.oftalmodapaulista.com.br\/mp\/wp-content\/uploads\/IMG_6668-1024x768.jpg 1024w, https:\/\/pg.oftalmodapaulista.com.br\/mp\/wp-content\/uploads\/IMG_6668-768x576.jpg 768w\" sizes=\"auto, (max-width: 1280px) 100vw, 1280px\" \/><\/a>\n\t\t\t<\/figure><\/div><div class='gallery-item'>\n\t\t\t<figure class='gallery-icon landscape'>\n\t\t\t\t<a href='https:\/\/pg.oftalmodapaulista.com.br\/mp\/wp-content\/uploads\/IMG_6667.jpg'><img loading=\"lazy\" decoding=\"async\" width=\"1280\" height=\"960\" src=\"https:\/\/pg.oftalmodapaulista.com.br\/mp\/wp-content\/uploads\/IMG_6667.jpg\" class=\"attachment-full size-full\" alt=\"\" srcset=\"https:\/\/pg.oftalmodapaulista.com.br\/mp\/wp-content\/uploads\/IMG_6667.jpg 1280w, https:\/\/pg.oftalmodapaulista.com.br\/mp\/wp-content\/uploads\/IMG_6667-300x225.jpg 300w, https:\/\/pg.oftalmodapaulista.com.br\/mp\/wp-content\/uploads\/IMG_6667-1024x768.jpg 1024w, https:\/\/pg.oftalmodapaulista.com.br\/mp\/wp-content\/uploads\/IMG_6667-768x576.jpg 768w\" sizes=\"auto, (max-width: 1280px) 100vw, 1280px\" \/><\/a>\n\t\t\t<\/figure><\/div><br style=\"clear: both\" \/><div class='gallery-item'>\n\t\t\t<figure class='gallery-icon landscape'>\n\t\t\t\t<a href='https:\/\/pg.oftalmodapaulista.com.br\/mp\/wp-content\/uploads\/IMG_6665.jpg'><img loading=\"lazy\" decoding=\"async\" width=\"1280\" height=\"960\" src=\"https:\/\/pg.oftalmodapaulista.com.br\/mp\/wp-content\/uploads\/IMG_6665.jpg\" class=\"attachment-full size-full\" alt=\"\" srcset=\"https:\/\/pg.oftalmodapaulista.com.br\/mp\/wp-content\/uploads\/IMG_6665.jpg 1280w, https:\/\/pg.oftalmodapaulista.com.br\/mp\/wp-content\/uploads\/IMG_6665-300x225.jpg 300w, https:\/\/pg.oftalmodapaulista.com.br\/mp\/wp-content\/uploads\/IMG_6665-1024x768.jpg 1024w, https:\/\/pg.oftalmodapaulista.com.br\/mp\/wp-content\/uploads\/IMG_6665-768x576.jpg 768w\" sizes=\"auto, (max-width: 1280px) 100vw, 1280px\" \/><\/a>\n\t\t\t<\/figure><\/div><div class='gallery-item'>\n\t\t\t<figure class='gallery-icon landscape'>\n\t\t\t\t<a href='https:\/\/pg.oftalmodapaulista.com.br\/mp\/wp-content\/uploads\/IMG_6666.jpg'><img loading=\"lazy\" decoding=\"async\" width=\"1280\" height=\"960\" src=\"https:\/\/pg.oftalmodapaulista.com.br\/mp\/wp-content\/uploads\/IMG_6666.jpg\" class=\"attachment-full size-full\" alt=\"\" srcset=\"https:\/\/pg.oftalmodapaulista.com.br\/mp\/wp-content\/uploads\/IMG_6666.jpg 1280w, https:\/\/pg.oftalmodapaulista.com.br\/mp\/wp-content\/uploads\/IMG_6666-300x225.jpg 300w, https:\/\/pg.oftalmodapaulista.com.br\/mp\/wp-content\/uploads\/IMG_6666-1024x768.jpg 1024w, https:\/\/pg.oftalmodapaulista.com.br\/mp\/wp-content\/uploads\/IMG_6666-768x576.jpg 768w\" sizes=\"auto, (max-width: 1280px) 100vw, 1280px\" \/><\/a>\n\t\t\t<\/figure><\/div><div class='gallery-item'>\n\t\t\t<figure class='gallery-icon landscape'>\n\t\t\t\t<a href='https:\/\/pg.oftalmodapaulista.com.br\/mp\/wp-content\/uploads\/IMG_6664.jpg'><img loading=\"lazy\" decoding=\"async\" width=\"1280\" height=\"960\" src=\"https:\/\/pg.oftalmodapaulista.com.br\/mp\/wp-content\/uploads\/IMG_6664.jpg\" class=\"attachment-full size-full\" alt=\"\" srcset=\"https:\/\/pg.oftalmodapaulista.com.br\/mp\/wp-content\/uploads\/IMG_6664.jpg 1280w, https:\/\/pg.oftalmodapaulista.com.br\/mp\/wp-content\/uploads\/IMG_6664-300x225.jpg 300w, https:\/\/pg.oftalmodapaulista.com.br\/mp\/wp-content\/uploads\/IMG_6664-1024x768.jpg 1024w, https:\/\/pg.oftalmodapaulista.com.br\/mp\/wp-content\/uploads\/IMG_6664-768x576.jpg 768w\" sizes=\"auto, (max-width: 1280px) 100vw, 1280px\" \/><\/a>\n\t\t\t<\/figure><\/div><div class='gallery-item'>\n\t\t\t<figure class='gallery-icon landscape'>\n\t\t\t\t<a href='https:\/\/pg.oftalmodapaulista.com.br\/mp\/wp-content\/uploads\/IMG_6663.jpg'><img loading=\"lazy\" decoding=\"async\" width=\"1280\" height=\"960\" src=\"https:\/\/pg.oftalmodapaulista.com.br\/mp\/wp-content\/uploads\/IMG_6663.jpg\" class=\"attachment-full size-full\" alt=\"\" srcset=\"https:\/\/pg.oftalmodapaulista.com.br\/mp\/wp-content\/uploads\/IMG_6663.jpg 1280w, https:\/\/pg.oftalmodapaulista.com.br\/mp\/wp-content\/uploads\/IMG_6663-300x225.jpg 300w, https:\/\/pg.oftalmodapaulista.com.br\/mp\/wp-content\/uploads\/IMG_6663-1024x768.jpg 1024w, https:\/\/pg.oftalmodapaulista.com.br\/mp\/wp-content\/uploads\/IMG_6663-768x576.jpg 768w\" sizes=\"auto, (max-width: 1280px) 100vw, 1280px\" \/><\/a>\n\t\t\t<\/figure><\/div><div class='gallery-item'>\n\t\t\t<figure class='gallery-icon landscape'>\n\t\t\t\t<a href='https:\/\/pg.oftalmodapaulista.com.br\/mp\/wp-content\/uploads\/IMG_6662.jpg'><img loading=\"lazy\" decoding=\"async\" width=\"1280\" height=\"960\" src=\"https:\/\/pg.oftalmodapaulista.com.br\/mp\/wp-content\/uploads\/IMG_6662.jpg\" class=\"attachment-full size-full\" alt=\"\" srcset=\"https:\/\/pg.oftalmodapaulista.com.br\/mp\/wp-content\/uploads\/IMG_6662.jpg 1280w, https:\/\/pg.oftalmodapaulista.com.br\/mp\/wp-content\/uploads\/IMG_6662-300x225.jpg 300w, https:\/\/pg.oftalmodapaulista.com.br\/mp\/wp-content\/uploads\/IMG_6662-1024x768.jpg 1024w, https:\/\/pg.oftalmodapaulista.com.br\/mp\/wp-content\/uploads\/IMG_6662-768x576.jpg 768w\" sizes=\"auto, (max-width: 1280px) 100vw, 1280px\" \/><\/a>\n\t\t\t<\/figure><\/div><br style=\"clear: both\" \/><div class='gallery-item'>\n\t\t\t<figure class='gallery-icon portrait'>\n\t\t\t\t<a href='https:\/\/pg.oftalmodapaulista.com.br\/mp\/wp-content\/uploads\/IMG_6661.jpg'><img loading=\"lazy\" decoding=\"async\" width=\"960\" height=\"1280\" src=\"https:\/\/pg.oftalmodapaulista.com.br\/mp\/wp-content\/uploads\/IMG_6661.jpg\" class=\"attachment-full size-full\" alt=\"\" srcset=\"https:\/\/pg.oftalmodapaulista.com.br\/mp\/wp-content\/uploads\/IMG_6661.jpg 960w, https:\/\/pg.oftalmodapaulista.com.br\/mp\/wp-content\/uploads\/IMG_6661-225x300.jpg 225w, https:\/\/pg.oftalmodapaulista.com.br\/mp\/wp-content\/uploads\/IMG_6661-768x1024.jpg 768w\" sizes=\"auto, (max-width: 960px) 100vw, 960px\" \/><\/a>\n\t\t\t<\/figure><\/div><div class='gallery-item'>\n\t\t\t<figure class='gallery-icon landscape'>\n\t\t\t\t<a href='https:\/\/pg.oftalmodapaulista.com.br\/mp\/wp-content\/uploads\/IMG_6660.jpg'><img loading=\"lazy\" decoding=\"async\" width=\"1280\" height=\"960\" src=\"https:\/\/pg.oftalmodapaulista.com.br\/mp\/wp-content\/uploads\/IMG_6660.jpg\" class=\"attachment-full size-full\" alt=\"\" srcset=\"https:\/\/pg.oftalmodapaulista.com.br\/mp\/wp-content\/uploads\/IMG_6660.jpg 1280w, https:\/\/pg.oftalmodapaulista.com.br\/mp\/wp-content\/uploads\/IMG_6660-300x225.jpg 300w, https:\/\/pg.oftalmodapaulista.com.br\/mp\/wp-content\/uploads\/IMG_6660-1024x768.jpg 1024w, https:\/\/pg.oftalmodapaulista.com.br\/mp\/wp-content\/uploads\/IMG_6660-768x576.jpg 768w\" sizes=\"auto, (max-width: 1280px) 100vw, 1280px\" \/><\/a>\n\t\t\t<\/figure><\/div>\n\t\t\t<br style='clear: both' \/>\n\t\t<\/div>\n\n","protected":false},"excerpt":{"rendered":"<p>O programa&nbsp;\u201cDE OLHO NA VIS\u00c3O DO FUTURO\u201d, que visa introduzir a pesquisa cient\u00edfica para alunos do ensino b\u00e1sico e fundamental. Esta iniciativa \u00e9 incentivada pela Coordena\u00e7\u00e3o de Aperfei\u00e7oamento de Pessoal de N\u00edvel Superior (CAPES), ligado ao Minist\u00e9rio da Educa\u00e7\u00e3o e Cultura, sendo realizada pelos Docentes do Programa de P\u00f3s-gradua\u00e7\u00e3o em Oftalmologia e Ci\u00eancias Visuais da [&hellip;]<\/p>\n","protected":false},"author":1,"featured_media":0,"parent":0,"menu_order":0,"comment_status":"closed","ping_status":"closed","template":"templates\/tp-responsabilidade.php","meta":{"_acf_changed":false,"footnotes":""},"class_list":["post-48","page","type-page","status-publish","hentry"],"acf":[],"yoast_head":"<!-- This site is optimized with the Yoast SEO plugin v27.4 - https:\/\/yoast.com\/product\/yoast-seo-wordpress\/ -->\n<title>Responsabilidade Social - Mestrado Profissional em Tecnologia, Gest\u00e3o e Sa\u00fade Ocular da UNIFESP<\/title>\n<meta name=\"robots\" content=\"index, follow, max-snippet:-1, max-image-preview:large, max-video-preview:-1\" \/>\n<link rel=\"canonical\" href=\"https:\/\/pg.oftalmodapaulista.com.br\/mp\/responsabilidade-social\/\" \/>\n<meta property=\"og:locale\" content=\"pt_BR\" \/>\n<meta property=\"og:type\" content=\"article\" \/>\n<meta property=\"og:title\" content=\"Responsabilidade Social - Mestrado Profissional em Tecnologia, Gest\u00e3o e Sa\u00fade Ocular da UNIFESP\" \/>\n<meta property=\"og:description\" content=\"O programa&nbsp;\u201cDE OLHO NA VIS\u00c3O DO FUTURO\u201d, que visa introduzir a pesquisa cient\u00edfica para alunos do ensino b\u00e1sico e fundamental. Esta iniciativa \u00e9 incentivada pela Coordena\u00e7\u00e3o de Aperfei\u00e7oamento de Pessoal de N\u00edvel Superior (CAPES), ligado ao Minist\u00e9rio da Educa\u00e7\u00e3o e Cultura, sendo realizada pelos Docentes do Programa de P\u00f3s-gradua\u00e7\u00e3o em Oftalmologia e Ci\u00eancias Visuais da [&hellip;]\" \/>\n<meta property=\"og:url\" content=\"https:\/\/pg.oftalmodapaulista.com.br\/mp\/responsabilidade-social\/\" \/>\n<meta property=\"og:site_name\" content=\"Mestrado Profissional em Tecnologia, Gest\u00e3o e Sa\u00fade Ocular da UNIFESP\" \/>\n<meta property=\"article:modified_time\" content=\"2025-05-05T18:38:13+00:00\" \/>\n<meta property=\"og:image\" content=\"https:\/\/pg.oftalmodapaulista.com.br\/mp\/wp-content\/uploads\/IMG_20160617_095025269-scaled.jpg\" \/>\n<meta name=\"twitter:card\" content=\"summary_large_image\" \/>\n<meta name=\"twitter:label1\" content=\"Est. tempo de leitura\" \/>\n\t<meta name=\"twitter:data1\" content=\"1 minuto\" \/>\n<script type=\"application\/ld+json\" class=\"yoast-schema-graph\">{\"@context\":\"https:\\\/\\\/schema.org\",\"@graph\":[{\"@type\":\"WebPage\",\"@id\":\"https:\\\/\\\/pg.oftalmodapaulista.com.br\\\/mp\\\/responsabilidade-social\\\/\",\"url\":\"https:\\\/\\\/pg.oftalmodapaulista.com.br\\\/mp\\\/responsabilidade-social\\\/\",\"name\":\"Responsabilidade Social - Mestrado Profissional em Tecnologia, Gest\u00e3o e Sa\u00fade Ocular da UNIFESP\",\"isPartOf\":{\"@id\":\"https:\\\/\\\/pg.oftalmodapaulista.com.br\\\/mp\\\/#website\"},\"datePublished\":\"2024-10-21T20:07:41+00:00\",\"dateModified\":\"2025-05-05T18:38:13+00:00\",\"breadcrumb\":{\"@id\":\"https:\\\/\\\/pg.oftalmodapaulista.com.br\\\/mp\\\/responsabilidade-social\\\/#breadcrumb\"},\"inLanguage\":\"pt-BR\",\"potentialAction\":[{\"@type\":\"ReadAction\",\"target\":[\"https:\\\/\\\/pg.oftalmodapaulista.com.br\\\/mp\\\/responsabilidade-social\\\/\"]}]},{\"@type\":\"BreadcrumbList\",\"@id\":\"https:\\\/\\\/pg.oftalmodapaulista.com.br\\\/mp\\\/responsabilidade-social\\\/#breadcrumb\",\"itemListElement\":[{\"@type\":\"ListItem\",\"position\":1,\"name\":\"In\u00edcio\",\"item\":\"https:\\\/\\\/pg.oftalmodapaulista.com.br\\\/mp\\\/\"},{\"@type\":\"ListItem\",\"position\":2,\"name\":\"Responsabilidade Social\"}]},{\"@type\":\"WebSite\",\"@id\":\"https:\\\/\\\/pg.oftalmodapaulista.com.br\\\/mp\\\/#website\",\"url\":\"https:\\\/\\\/pg.oftalmodapaulista.com.br\\\/mp\\\/\",\"name\":\"Mestrado Profissional em Tecnologia, Gest\u00e3o e Sa\u00fade Ocular da UNIFESP\",\"description\":\"\",\"potentialAction\":[{\"@type\":\"SearchAction\",\"target\":{\"@type\":\"EntryPoint\",\"urlTemplate\":\"https:\\\/\\\/pg.oftalmodapaulista.com.br\\\/mp\\\/?s={search_term_string}\"},\"query-input\":{\"@type\":\"PropertyValueSpecification\",\"valueRequired\":true,\"valueName\":\"search_term_string\"}}],\"inLanguage\":\"pt-BR\"}]}<\/script>\n<!-- \/ Yoast SEO plugin. -->","yoast_head_json":{"title":"Responsabilidade Social - Mestrado Profissional em Tecnologia, Gest\u00e3o e Sa\u00fade Ocular da UNIFESP","robots":{"index":"index","follow":"follow","max-snippet":"max-snippet:-1","max-image-preview":"max-image-preview:large","max-video-preview":"max-video-preview:-1"},"canonical":"https:\/\/pg.oftalmodapaulista.com.br\/mp\/responsabilidade-social\/","og_locale":"pt_BR","og_type":"article","og_title":"Responsabilidade Social - Mestrado Profissional em Tecnologia, Gest\u00e3o e Sa\u00fade Ocular da UNIFESP","og_description":"O programa&nbsp;\u201cDE OLHO NA VIS\u00c3O DO FUTURO\u201d, que visa introduzir a pesquisa cient\u00edfica para alunos do ensino b\u00e1sico e fundamental. Esta iniciativa \u00e9 incentivada pela Coordena\u00e7\u00e3o de Aperfei\u00e7oamento de Pessoal de N\u00edvel Superior (CAPES), ligado ao Minist\u00e9rio da Educa\u00e7\u00e3o e Cultura, sendo realizada pelos Docentes do Programa de P\u00f3s-gradua\u00e7\u00e3o em Oftalmologia e Ci\u00eancias Visuais da [&hellip;]","og_url":"https:\/\/pg.oftalmodapaulista.com.br\/mp\/responsabilidade-social\/","og_site_name":"Mestrado Profissional em Tecnologia, Gest\u00e3o e Sa\u00fade Ocular da UNIFESP","article_modified_time":"2025-05-05T18:38:13+00:00","og_image":[{"url":"https:\/\/pg.oftalmodapaulista.com.br\/mp\/wp-content\/uploads\/IMG_20160617_095025269-scaled.jpg","type":"","width":"","height":""}],"twitter_card":"summary_large_image","twitter_misc":{"Est. tempo de leitura":"1 minuto"},"schema":{"@context":"https:\/\/schema.org","@graph":[{"@type":"WebPage","@id":"https:\/\/pg.oftalmodapaulista.com.br\/mp\/responsabilidade-social\/","url":"https:\/\/pg.oftalmodapaulista.com.br\/mp\/responsabilidade-social\/","name":"Responsabilidade Social - Mestrado Profissional em Tecnologia, Gest\u00e3o e Sa\u00fade Ocular da UNIFESP","isPartOf":{"@id":"https:\/\/pg.oftalmodapaulista.com.br\/mp\/#website"},"datePublished":"2024-10-21T20:07:41+00:00","dateModified":"2025-05-05T18:38:13+00:00","breadcrumb":{"@id":"https:\/\/pg.oftalmodapaulista.com.br\/mp\/responsabilidade-social\/#breadcrumb"},"inLanguage":"pt-BR","potentialAction":[{"@type":"ReadAction","target":["https:\/\/pg.oftalmodapaulista.com.br\/mp\/responsabilidade-social\/"]}]},{"@type":"BreadcrumbList","@id":"https:\/\/pg.oftalmodapaulista.com.br\/mp\/responsabilidade-social\/#breadcrumb","itemListElement":[{"@type":"ListItem","position":1,"name":"In\u00edcio","item":"https:\/\/pg.oftalmodapaulista.com.br\/mp\/"},{"@type":"ListItem","position":2,"name":"Responsabilidade Social"}]},{"@type":"WebSite","@id":"https:\/\/pg.oftalmodapaulista.com.br\/mp\/#website","url":"https:\/\/pg.oftalmodapaulista.com.br\/mp\/","name":"Mestrado Profissional em Tecnologia, Gest\u00e3o e Sa\u00fade Ocular da UNIFESP","description":"","potentialAction":[{"@type":"SearchAction","target":{"@type":"EntryPoint","urlTemplate":"https:\/\/pg.oftalmodapaulista.com.br\/mp\/?s={search_term_string}"},"query-input":{"@type":"PropertyValueSpecification","valueRequired":true,"valueName":"search_term_string"}}],"inLanguage":"pt-BR"}]}},"_links":{"self":[{"href":"https:\/\/pg.oftalmodapaulista.com.br\/mp\/wp-json\/wp\/v2\/pages\/48","targetHints":{"allow":["GET"]}}],"collection":[{"href":"https:\/\/pg.oftalmodapaulista.com.br\/mp\/wp-json\/wp\/v2\/pages"}],"about":[{"href":"https:\/\/pg.oftalmodapaulista.com.br\/mp\/wp-json\/wp\/v2\/types\/page"}],"author":[{"embeddable":true,"href":"https:\/\/pg.oftalmodapaulista.com.br\/mp\/wp-json\/wp\/v2\/users\/1"}],"replies":[{"embeddable":true,"href":"https:\/\/pg.oftalmodapaulista.com.br\/mp\/wp-json\/wp\/v2\/comments?post=48"}],"version-history":[{"count":4,"href":"https:\/\/pg.oftalmodapaulista.com.br\/mp\/wp-json\/wp\/v2\/pages\/48\/revisions"}],"predecessor-version":[{"id":406,"href":"https:\/\/pg.oftalmodapaulista.com.br\/mp\/wp-json\/wp\/v2\/pages\/48\/revisions\/406"}],"wp:attachment":[{"href":"https:\/\/pg.oftalmodapaulista.com.br\/mp\/wp-json\/wp\/v2\/media?parent=48"}],"curies":[{"name":"wp","href":"https:\/\/api.w.org\/{rel}","templated":true}]}}