{"id":445,"date":"2025-05-09T14:53:53","date_gmt":"2025-05-09T17:53:53","guid":{"rendered":"https:\/\/pg.oftalmodapaulista.com.br\/mp\/?page_id=445"},"modified":"2025-12-09T09:38:58","modified_gmt":"2025-12-09T12:38:58","slug":"dia-da-pesquisa","status":"publish","type":"page","link":"https:\/\/pg.oftalmodapaulista.com.br\/mp\/dia-da-pesquisa\/","title":{"rendered":"Sobre o evento"},"content":{"rendered":"\n<p>O&nbsp;<strong>11\u00aa Dia da Pesquisa | UNIFESP-EPM<\/strong>&nbsp;ser\u00e1 realizado em S\u00e3o Paulo no dia 10 dezembro de 2025&nbsp;<\/p>\n\n\n\n<p>O evento \u201cDia da Pesquisa\u201d foi criado em 2015 com o objetivo de estimular e aprimorar a produ\u00e7\u00e3o cient\u00edfica do Departamento de Oftalmologia e Ci\u00eancias Visuais da Universidade Federal de S\u00e3o Paulo (UNIFESP). O evento, com dura\u00e7\u00e3o de um dia, inclui apresenta\u00e7\u00f5es orais ou na forma de p\u00f4steres dos  trabalhos t\u00e9cnico-cient\u00edficos dos alunos do programa de Mestrado Profissional, que s\u00e3o discutidos e avaliados pelos docentes e orientadores. O programa do evento tamb\u00e9m inclu\u00ed palestras e discuss\u00f5es, abordando temas relevantes nas \u00e1reas de inova\u00e7\u00e3o e tecnologia, com objetivo de aproximar a Universidade e iniciativas p\u00fablica e privada na busca de solu\u00e7\u00f5es para a melhoria da sa\u00fade ocular da nossa sociedade.<\/p>\n\n\n\n<p><strong>Local: Centro de Estudos de Oftalmologia<\/strong>&nbsp;\u2013&nbsp;Rua Botucatu, 822, 1\u00ba andar \u2013 Vila Clementino, S\u00e3o Paulo \u2013 SP, 04039-032<\/p>\n\n\n\n<figure class=\"wp-block-image size-full is-resized\"><a href=\"https:\/\/pg.oftalmodapaulista.com.br\/mp\/wp-content\/uploads\/Programa-DP-2025.-Vrs-final-1.pdf\" target=\"_blank\" rel=\" noreferrer noopener\"><img loading=\"lazy\" decoding=\"async\" width=\"867\" height=\"288\" src=\"https:\/\/pg.oftalmodapaulista.com.br\/mp\/wp-content\/uploads\/4a495947-afdc-42a5-9be6-8cd1b4978f28.png-removebg-preview.png\" alt=\"\" class=\"wp-image-461\" style=\"width:375px;height:auto\" srcset=\"https:\/\/pg.oftalmodapaulista.com.br\/mp\/wp-content\/uploads\/4a495947-afdc-42a5-9be6-8cd1b4978f28.png-removebg-preview.png 867w, https:\/\/pg.oftalmodapaulista.com.br\/mp\/wp-content\/uploads\/4a495947-afdc-42a5-9be6-8cd1b4978f28.png-removebg-preview-300x100.png 300w, https:\/\/pg.oftalmodapaulista.com.br\/mp\/wp-content\/uploads\/4a495947-afdc-42a5-9be6-8cd1b4978f28.png-removebg-preview-768x255.png 768w\" sizes=\"auto, (max-width: 867px) 100vw, 867px\" \/><\/a><\/figure>\n\n\n\n<div data-wp-interactive=\"core\/file\" class=\"wp-block-file\"><object data-wp-bind--hidden=\"!state.hasPdfPreview\" hidden class=\"wp-block-file__embed\" data=\"https:\/\/pg.oftalmodapaulista.com.br\/mp\/wp-content\/uploads\/Programa-DP-2025.-Vrs-final-1.pdf\" type=\"application\/pdf\" style=\"width:100%;height:600px\" aria-label=\"Incorporado de Programa DP 2025. Vrs final.\"><\/object><a id=\"wp-block-file--media-060953b2-7435-4b5f-813a-8558b0d23183\" href=\"https:\/\/pg.oftalmodapaulista.com.br\/mp\/wp-content\/uploads\/Programa-DP-2025.-Vrs-final-1.pdf\">Programa DP 2025. Vrs final<\/a><a href=\"https:\/\/pg.oftalmodapaulista.com.br\/mp\/wp-content\/uploads\/Programa-DP-2025.-Vrs-final-1.pdf\" class=\"wp-block-file__button wp-element-button\" download aria-describedby=\"wp-block-file--media-060953b2-7435-4b5f-813a-8558b0d23183\">Baixar<\/a><\/div>\n\n\n\n<p><\/p>\n","protected":false},"excerpt":{"rendered":"<p>O&nbsp;11\u00aa Dia da Pesquisa | UNIFESP-EPM&nbsp;ser\u00e1 realizado em S\u00e3o Paulo no dia 10 dezembro de 2025&nbsp; O evento \u201cDia da Pesquisa\u201d foi criado em 2015 com o objetivo de estimular e aprimorar a produ\u00e7\u00e3o cient\u00edfica do Departamento de Oftalmologia e Ci\u00eancias Visuais da Universidade Federal de S\u00e3o Paulo (UNIFESP). O evento, com dura\u00e7\u00e3o de um [&hellip;]<\/p>\n","protected":false},"author":2,"featured_media":0,"parent":0,"menu_order":0,"comment_status":"closed","ping_status":"closed","template":"","meta":{"_acf_changed":false,"footnotes":""},"class_list":["post-445","page","type-page","status-publish","hentry"],"acf":[],"yoast_head":"<!-- This site is optimized with the Yoast SEO plugin v27.4 - https:\/\/yoast.com\/product\/yoast-seo-wordpress\/ -->\n<title>Sobre o evento - Mestrado Profissional em Tecnologia, Gest\u00e3o e Sa\u00fade Ocular da UNIFESP<\/title>\n<meta name=\"robots\" content=\"index, follow, max-snippet:-1, max-image-preview:large, max-video-preview:-1\" \/>\n<link rel=\"canonical\" href=\"https:\/\/pg.oftalmodapaulista.com.br\/mp\/dia-da-pesquisa\/\" \/>\n<meta property=\"og:locale\" content=\"pt_BR\" \/>\n<meta property=\"og:type\" content=\"article\" \/>\n<meta property=\"og:title\" content=\"Sobre o evento - Mestrado Profissional em Tecnologia, Gest\u00e3o e Sa\u00fade Ocular da UNIFESP\" \/>\n<meta property=\"og:description\" content=\"O&nbsp;11\u00aa Dia da Pesquisa | UNIFESP-EPM&nbsp;ser\u00e1 realizado em S\u00e3o Paulo no dia 10 dezembro de 2025&nbsp; O evento \u201cDia da Pesquisa\u201d foi criado em 2015 com o objetivo de estimular e aprimorar a produ\u00e7\u00e3o cient\u00edfica do Departamento de Oftalmologia e Ci\u00eancias Visuais da Universidade Federal de S\u00e3o Paulo (UNIFESP). O evento, com dura\u00e7\u00e3o de um [&hellip;]\" \/>\n<meta property=\"og:url\" content=\"https:\/\/pg.oftalmodapaulista.com.br\/mp\/dia-da-pesquisa\/\" \/>\n<meta property=\"og:site_name\" content=\"Mestrado Profissional em Tecnologia, Gest\u00e3o e Sa\u00fade Ocular da UNIFESP\" \/>\n<meta property=\"article:modified_time\" content=\"2025-12-09T12:38:58+00:00\" \/>\n<meta property=\"og:image\" content=\"https:\/\/pg.oftalmodapaulista.com.br\/mp\/wp-content\/uploads\/4a495947-afdc-42a5-9be6-8cd1b4978f28.png-removebg-preview.png\" \/>\n\t<meta property=\"og:image:width\" content=\"867\" \/>\n\t<meta property=\"og:image:height\" content=\"288\" \/>\n\t<meta property=\"og:image:type\" content=\"image\/png\" \/>\n<meta name=\"twitter:card\" content=\"summary_large_image\" \/>\n<meta name=\"twitter:label1\" content=\"Est. tempo de leitura\" \/>\n\t<meta name=\"twitter:data1\" content=\"2 minutos\" \/>\n<script type=\"application\/ld+json\" class=\"yoast-schema-graph\">{\"@context\":\"https:\\\/\\\/schema.org\",\"@graph\":[{\"@type\":\"WebPage\",\"@id\":\"https:\\\/\\\/pg.oftalmodapaulista.com.br\\\/mp\\\/dia-da-pesquisa\\\/\",\"url\":\"https:\\\/\\\/pg.oftalmodapaulista.com.br\\\/mp\\\/dia-da-pesquisa\\\/\",\"name\":\"Sobre o evento - Mestrado Profissional em Tecnologia, Gest\u00e3o e Sa\u00fade Ocular da UNIFESP\",\"isPartOf\":{\"@id\":\"https:\\\/\\\/pg.oftalmodapaulista.com.br\\\/mp\\\/#website\"},\"primaryImageOfPage\":{\"@id\":\"https:\\\/\\\/pg.oftalmodapaulista.com.br\\\/mp\\\/dia-da-pesquisa\\\/#primaryimage\"},\"image\":{\"@id\":\"https:\\\/\\\/pg.oftalmodapaulista.com.br\\\/mp\\\/dia-da-pesquisa\\\/#primaryimage\"},\"thumbnailUrl\":\"https:\\\/\\\/pg.oftalmodapaulista.com.br\\\/mp\\\/wp-content\\\/uploads\\\/4a495947-afdc-42a5-9be6-8cd1b4978f28.png-removebg-preview.png\",\"datePublished\":\"2025-05-09T17:53:53+00:00\",\"dateModified\":\"2025-12-09T12:38:58+00:00\",\"breadcrumb\":{\"@id\":\"https:\\\/\\\/pg.oftalmodapaulista.com.br\\\/mp\\\/dia-da-pesquisa\\\/#breadcrumb\"},\"inLanguage\":\"pt-BR\",\"potentialAction\":[{\"@type\":\"ReadAction\",\"target\":[\"https:\\\/\\\/pg.oftalmodapaulista.com.br\\\/mp\\\/dia-da-pesquisa\\\/\"]}]},{\"@type\":\"ImageObject\",\"inLanguage\":\"pt-BR\",\"@id\":\"https:\\\/\\\/pg.oftalmodapaulista.com.br\\\/mp\\\/dia-da-pesquisa\\\/#primaryimage\",\"url\":\"https:\\\/\\\/pg.oftalmodapaulista.com.br\\\/mp\\\/wp-content\\\/uploads\\\/4a495947-afdc-42a5-9be6-8cd1b4978f28.png-removebg-preview.png\",\"contentUrl\":\"https:\\\/\\\/pg.oftalmodapaulista.com.br\\\/mp\\\/wp-content\\\/uploads\\\/4a495947-afdc-42a5-9be6-8cd1b4978f28.png-removebg-preview.png\",\"width\":867,\"height\":288},{\"@type\":\"BreadcrumbList\",\"@id\":\"https:\\\/\\\/pg.oftalmodapaulista.com.br\\\/mp\\\/dia-da-pesquisa\\\/#breadcrumb\",\"itemListElement\":[{\"@type\":\"ListItem\",\"position\":1,\"name\":\"In\u00edcio\",\"item\":\"https:\\\/\\\/pg.oftalmodapaulista.com.br\\\/mp\\\/\"},{\"@type\":\"ListItem\",\"position\":2,\"name\":\"Sobre o evento\"}]},{\"@type\":\"WebSite\",\"@id\":\"https:\\\/\\\/pg.oftalmodapaulista.com.br\\\/mp\\\/#website\",\"url\":\"https:\\\/\\\/pg.oftalmodapaulista.com.br\\\/mp\\\/\",\"name\":\"Mestrado Profissional em Tecnologia, Gest\u00e3o e Sa\u00fade Ocular da UNIFESP\",\"description\":\"\",\"potentialAction\":[{\"@type\":\"SearchAction\",\"target\":{\"@type\":\"EntryPoint\",\"urlTemplate\":\"https:\\\/\\\/pg.oftalmodapaulista.com.br\\\/mp\\\/?s={search_term_string}\"},\"query-input\":{\"@type\":\"PropertyValueSpecification\",\"valueRequired\":true,\"valueName\":\"search_term_string\"}}],\"inLanguage\":\"pt-BR\"}]}<\/script>\n<!-- \/ Yoast SEO plugin. -->","yoast_head_json":{"title":"Sobre o evento - Mestrado Profissional em Tecnologia, Gest\u00e3o e Sa\u00fade Ocular da UNIFESP","robots":{"index":"index","follow":"follow","max-snippet":"max-snippet:-1","max-image-preview":"max-image-preview:large","max-video-preview":"max-video-preview:-1"},"canonical":"https:\/\/pg.oftalmodapaulista.com.br\/mp\/dia-da-pesquisa\/","og_locale":"pt_BR","og_type":"article","og_title":"Sobre o evento - Mestrado Profissional em Tecnologia, Gest\u00e3o e Sa\u00fade Ocular da UNIFESP","og_description":"O&nbsp;11\u00aa Dia da Pesquisa | UNIFESP-EPM&nbsp;ser\u00e1 realizado em S\u00e3o Paulo no dia 10 dezembro de 2025&nbsp; O evento \u201cDia da Pesquisa\u201d foi criado em 2015 com o objetivo de estimular e aprimorar a produ\u00e7\u00e3o cient\u00edfica do Departamento de Oftalmologia e Ci\u00eancias Visuais da Universidade Federal de S\u00e3o Paulo (UNIFESP). O evento, com dura\u00e7\u00e3o de um [&hellip;]","og_url":"https:\/\/pg.oftalmodapaulista.com.br\/mp\/dia-da-pesquisa\/","og_site_name":"Mestrado Profissional em Tecnologia, Gest\u00e3o e Sa\u00fade Ocular da UNIFESP","article_modified_time":"2025-12-09T12:38:58+00:00","og_image":[{"width":867,"height":288,"url":"https:\/\/pg.oftalmodapaulista.com.br\/mp\/wp-content\/uploads\/4a495947-afdc-42a5-9be6-8cd1b4978f28.png-removebg-preview.png","type":"image\/png"}],"twitter_card":"summary_large_image","twitter_misc":{"Est. tempo de leitura":"2 minutos"},"schema":{"@context":"https:\/\/schema.org","@graph":[{"@type":"WebPage","@id":"https:\/\/pg.oftalmodapaulista.com.br\/mp\/dia-da-pesquisa\/","url":"https:\/\/pg.oftalmodapaulista.com.br\/mp\/dia-da-pesquisa\/","name":"Sobre o evento - Mestrado Profissional em Tecnologia, Gest\u00e3o e Sa\u00fade Ocular da UNIFESP","isPartOf":{"@id":"https:\/\/pg.oftalmodapaulista.com.br\/mp\/#website"},"primaryImageOfPage":{"@id":"https:\/\/pg.oftalmodapaulista.com.br\/mp\/dia-da-pesquisa\/#primaryimage"},"image":{"@id":"https:\/\/pg.oftalmodapaulista.com.br\/mp\/dia-da-pesquisa\/#primaryimage"},"thumbnailUrl":"https:\/\/pg.oftalmodapaulista.com.br\/mp\/wp-content\/uploads\/4a495947-afdc-42a5-9be6-8cd1b4978f28.png-removebg-preview.png","datePublished":"2025-05-09T17:53:53+00:00","dateModified":"2025-12-09T12:38:58+00:00","breadcrumb":{"@id":"https:\/\/pg.oftalmodapaulista.com.br\/mp\/dia-da-pesquisa\/#breadcrumb"},"inLanguage":"pt-BR","potentialAction":[{"@type":"ReadAction","target":["https:\/\/pg.oftalmodapaulista.com.br\/mp\/dia-da-pesquisa\/"]}]},{"@type":"ImageObject","inLanguage":"pt-BR","@id":"https:\/\/pg.oftalmodapaulista.com.br\/mp\/dia-da-pesquisa\/#primaryimage","url":"https:\/\/pg.oftalmodapaulista.com.br\/mp\/wp-content\/uploads\/4a495947-afdc-42a5-9be6-8cd1b4978f28.png-removebg-preview.png","contentUrl":"https:\/\/pg.oftalmodapaulista.com.br\/mp\/wp-content\/uploads\/4a495947-afdc-42a5-9be6-8cd1b4978f28.png-removebg-preview.png","width":867,"height":288},{"@type":"BreadcrumbList","@id":"https:\/\/pg.oftalmodapaulista.com.br\/mp\/dia-da-pesquisa\/#breadcrumb","itemListElement":[{"@type":"ListItem","position":1,"name":"In\u00edcio","item":"https:\/\/pg.oftalmodapaulista.com.br\/mp\/"},{"@type":"ListItem","position":2,"name":"Sobre o evento"}]},{"@type":"WebSite","@id":"https:\/\/pg.oftalmodapaulista.com.br\/mp\/#website","url":"https:\/\/pg.oftalmodapaulista.com.br\/mp\/","name":"Mestrado Profissional em Tecnologia, Gest\u00e3o e Sa\u00fade Ocular da UNIFESP","description":"","potentialAction":[{"@type":"SearchAction","target":{"@type":"EntryPoint","urlTemplate":"https:\/\/pg.oftalmodapaulista.com.br\/mp\/?s={search_term_string}"},"query-input":{"@type":"PropertyValueSpecification","valueRequired":true,"valueName":"search_term_string"}}],"inLanguage":"pt-BR"}]}},"_links":{"self":[{"href":"https:\/\/pg.oftalmodapaulista.com.br\/mp\/wp-json\/wp\/v2\/pages\/445","targetHints":{"allow":["GET"]}}],"collection":[{"href":"https:\/\/pg.oftalmodapaulista.com.br\/mp\/wp-json\/wp\/v2\/pages"}],"about":[{"href":"https:\/\/pg.oftalmodapaulista.com.br\/mp\/wp-json\/wp\/v2\/types\/page"}],"author":[{"embeddable":true,"href":"https:\/\/pg.oftalmodapaulista.com.br\/mp\/wp-json\/wp\/v2\/users\/2"}],"replies":[{"embeddable":true,"href":"https:\/\/pg.oftalmodapaulista.com.br\/mp\/wp-json\/wp\/v2\/comments?post=445"}],"version-history":[{"count":16,"href":"https:\/\/pg.oftalmodapaulista.com.br\/mp\/wp-json\/wp\/v2\/pages\/445\/revisions"}],"predecessor-version":[{"id":570,"href":"https:\/\/pg.oftalmodapaulista.com.br\/mp\/wp-json\/wp\/v2\/pages\/445\/revisions\/570"}],"wp:attachment":[{"href":"https:\/\/pg.oftalmodapaulista.com.br\/mp\/wp-json\/wp\/v2\/media?parent=445"}],"curies":[{"name":"wp","href":"https:\/\/api.w.org\/{rel}","templated":true}]}}