{"id":209,"date":"2024-10-30T10:15:37","date_gmt":"2024-10-30T13:15:37","guid":{"rendered":"https:\/\/homolog.planetaw.ag\/pg\/?page_id=209"},"modified":"2024-10-30T11:46:10","modified_gmt":"2024-10-30T14:46:10","slug":"disciplinas","status":"publish","type":"page","link":"https:\/\/pg.oftalmodapaulista.com.br\/mp\/disciplinas\/","title":{"rendered":"Disciplinas"},"content":{"rendered":"\n<h3 class=\"wp-block-heading\">Bio\u00e9tica<\/h3>\n\n\n\n<p><strong>Cr\u00e9ditos: 02<\/strong><\/p>\n\n\n\n<p><strong>Per\u00edodo: quatro turmas ao ano<\/strong><\/p>\n\n\n\n<p><strong>Carga Hor\u00e1ria: 30 horas (24 presenciais + 6 para trabalho extra classe em grupo)<br><\/strong><strong>Docente:&nbsp;&nbsp;<\/strong><strong>Prof. Dr. Alu\u00edsio Ser\u00f3dio<\/strong><\/p>\n\n\n\n<p><strong>Programa:&nbsp;<\/strong>O curso de \u201cBio\u00e9tica\u201d tem como objetivo principal capacitar estudantes de p\u00f3s-gradua\u00e7\u00e3o para&nbsp;a identifica\u00e7\u00e3o, discuss\u00e3o e tomada de decis\u00f5es frente a problemas \u00e9ticos relacionados aos cuidados com a sa\u00fade e \u00e0s ci\u00eancias da vida. Adotando como bases conceituais os princ\u00edpios da toler\u00e2ncia e dacomplexidade, pretendemos fomentar as compet\u00eancias moral e democr\u00e1tica dos estudantes por meiode exposi\u00e7\u00f5es dialogadas, de discuss\u00f5es de casos e da explora\u00e7\u00e3o de bens culturais. E, uma vez que a miss\u00e3o da p\u00f3s-gradua\u00e7\u00e3o \u00e9 formar professores e pesquisadores, daremos especial aten\u00e7\u00e3o \u00e0 reflex\u00e3ocr\u00edtica sobre a atividade docente e os conflitos \u00e9ticos nas pesquisas cient\u00edficas. O curso ser\u00e1 oferecido presencialmente, anfiteatro a definir (o local ser\u00e1 divulgado posteriormente), com turmas de at\u00e9 60 estudantes, com carga hor\u00e1ria de 30 horas, distribu\u00eddas em seis encontros de quatro horas cada (24 horas-aula) e mais seis horas de atividades extraclasse. Ser\u00e1 oferecido ao longo do m\u00eas de agosto e setembro\/2023, \u00e0s quartas-feiras, no per\u00edodo da tarde e apenas para estudantes j\u00e1 matriculados nos programas de p\u00f3s-gradua\u00e7\u00e3o stricto sensu da Unifesp. Ap\u00f3s o encerramento do per\u00edodo oficial de inscri\u00e7\u00f5es, caso as 60 vagas oferecidas n\u00e3o tenham sido preenchidas, abrimos a possibilidade para a inscri\u00e7\u00e3o de alunos especiaisligados aos programas de p\u00f3s-gradua\u00e7\u00e3o da Unifesp e para p\u00f3s-graduandos de outras institui\u00e7\u00f5es. A coordena\u00e7\u00e3o do Curso \u00e9 feita pelo Prof. Aluisio Serodio (m\u00e9dico, especialista em Bio\u00e9tica, mestre em ensino em Ci\u00eancias da Sa\u00fade, doutor em Ci\u00eancias, professor adjunto do Centro de Bio\u00e9tica \u2013 Departamento de Cirurgia da EPM\/Unifesp e vice-coordenador do Curso de Medicina da EPM\/Unifesp).<\/p>\n\n\n\n<p><strong>Ementa:&nbsp;<\/strong>Fundamenta\u00e7\u00e3o filos\u00f3fica da Bio\u00e9tica. Pluralismo social e os limites da vida humana. O papel do docente na forma\u00e7\u00e3o \u00e9tico-moral do profissional de sa\u00fade. Problematiza\u00e7\u00e3o da<br>Biotecnoci\u00eancia. Reflex\u00e3o cr\u00edtica sobre os conflitos \u00e9ticos da pesquisa cl\u00ednica. O olhar da Bio\u00e9tica para o exerc\u00edcio das profiss\u00f5es da sa\u00fade e os direitos dos pacientes.<\/p>\n\n\n\n<p><strong>Conte\u00fados<\/strong><strong>&nbsp;\u2013<\/strong>&nbsp;\u00c9tica e Moral. Principais correntes de fundamenta\u00e7\u00e3o da moral (\u00c9tica das Virtudes, Deontologia, Utilitarismo, fil\u00f3sofos da suspei\u00e7\u00e3o). O surgimento da Bio\u00e9tica. Bases conceituais da Bio\u00e9tica. Os \u201cPrinc\u00edpios da \u00c9tica Biom\u00e9dica\u201d (N\u00e3o-malefic\u00eancia, Benefic\u00eancia, Respeito \u00e0 Autonomia e Justi\u00e7a). Estatuto moral do embri\u00e3o. Abortamento. Reprodu\u00e7\u00e3o Assistida. Diagn\u00f3stico Pr\u00e9-implanta\u00e7\u00e3o. C\u00e9lulas-tronco embrion\u00e1rias. Conceito de morte. Estado Vegetativo Persistente. Eutan\u00e1sia, Ortotan\u00e1sia e Distan\u00e1sia. Cuidados paliativos. Fun\u00e7\u00e3o docente. A promo\u00e7\u00e3o dos aspectos afetivo e cognitivo do comportamento moral de estudantese profissionais de sa\u00fade. Ci\u00eancia, tecnologia e o paradigma biotecnocient\u00edfico. Organismos Geneticamente Modificados. Quimeras. Aprimoramento humano (human enhancement). Uso de animais no ensino e na pesquisa em sa\u00fade. Conflitos \u00e9ticos da investiga\u00e7\u00e3o cient\u00edfica<br>com seres humanos (uso de placebo, acesso p\u00f3s-estudo, conflitos de interesse, vieses das publica\u00e7\u00f5es cient\u00edficas, double standard etc.). Bio\u00e9tica cl\u00ednica. Direitos do paciente (privacidade, veracidade, escolha, cuidados com a sa\u00fade). Uso das redes sociais pelos profissionais de sa\u00fade.<\/p>\n\n\n\n<p><strong>Bibliografia:<\/strong><\/p>\n\n\n\n<ol class=\"wp-block-list\">\n<li>Angell M. The Truth About the Drug Companies. Random House, 2005. Ayer de Oliveira R<\/li>\n\n\n\n<li>(Coord). Cuidado Paliativo. CREMESP, 2008.<\/li>\n\n\n\n<li>Beauchamp TL, Childress J. Princ\u00edpios de \u00c9tica Biom\u00e9dica. Edi\u00e7\u00f5es Loyola. 2003. Cortina A.,<\/li>\n\n\n\n<li>Martinez E. \u00c9tica. Edi\u00e7\u00f5es Loyola, 2005.<\/li>\n\n\n\n<li>Gracia,D. Pensar a Bio\u00e9tica. Edi\u00e7\u00f5es Loyola, 2010.<\/li>\n\n\n\n<li>Harris J. Enhancing Evolution. Princeton University Press, 2007. Oselka G (Coord.).<\/li>\n\n\n\n<li>Bio\u00e9tica Cl\u00ednica. CREMESP, 2008.<\/li>\n\n\n\n<li>Pessini L, Barchifontaine CP (Orgs). Problemas Atuais de Bio\u00e9tica. S\u00e3o Paulo. Edi\u00e7\u00f5es Loyola. 2012.<\/li>\n\n\n\n<li>Sandel M. Contra a perfei\u00e7\u00e3o. Ed. Civiliza\u00e7\u00e3o Brasileira, 2013.<\/li>\n\n\n\n<li>Serodio A, Kopelman BI, Bataglia PUR. Promoting moral and democratic competencies: towards an educational turn of Bioethics. Revista Bio\u00e9tica CFM. 2016; 24 (2): 235-42.<\/li>\n\n\n\n<li>Silveira FL. A filosofia da ci\u00eancia de Karl Popper: o racionalismo cr\u00edtico. Dispon\u00edvel em: <a href=\"http:\/\/www.if.ufrgs.br\/~lang\/POPPER.pdf\" target=\"_blank\" rel=\"noreferrer noopener\">http:\/\/www.if.ufrgs.br\/~lang\/POPPER.pdf<\/a><\/li>\n<\/ol>\n\n\n\n<h3 class=\"wp-block-heading\">Estat\u00edstica<\/h3>\n\n\n\n<p><strong>Cr\u00e9ditos: 03<\/strong><\/p>\n\n\n\n<p><strong>Per\u00edodo: 1 turma por ano<\/strong><\/p>\n\n\n\n<p><strong>Carga Hor\u00e1ria: 45 horas<br><\/strong><strong>Docente: Profa. Dra. Gianni Mara Silva dos Santos<\/strong><\/p>\n\n\n\n<p><strong>Ementa:<\/strong><\/p>\n\n\n\n<ol class=\"wp-block-list\">\n<li>Racioc\u00ednio metodol\u00f3gico atual<\/li>\n\n\n\n<li>Import\u00e2ncia de bioestat\u00edstica nas pequisas em sa\u00fade<\/li>\n\n\n\n<li>Vari\u00e1veis: tipos<\/li>\n\n\n\n<li>Estat\u00edstica descritiva<\/li>\n\n\n\n<li>Coleta de dados e montagem de tabelas<\/li>\n\n\n\n<li>An\u00e1lise de banco de dados e gr\u00e1ficos em Excel<\/li>\n<\/ol>\n\n\n\n<p><strong>Bibliografia:<\/strong><\/p>\n\n\n\n<ol class=\"wp-block-list\">\n<li>Rodrigues CFS et al. Import\u00e2ncia do uso adequado da estat\u00edstica b\u00e1sica nas pesquisas cl\u00ednicas. Rev Bras Anestesiol. 2017;1-7.<\/li>\n\n\n\n<li>Lopes B et al. Bioestat\u00edsticas: conceitos fundamentais e aplica\u00e7\u00f5es pr\u00e1ticas. Rev Bras Oftalmolol. 2014; 73:16-22.<\/li>\n\n\n\n<li>Zandonade E. Medicina baseada em evid\u00eancias e bioestat\u00edstica: como ser um leitor atento. Rev Bras Pesq Sa\u00fade. 2009;3.<\/li>\n\n\n\n<li>Paes AT. Itens essenciais em bioestat\u00edstica. Arq Bras Cardiol. 1998;575-80.<\/li>\n<\/ol>\n\n\n\n<h3 class=\"wp-block-heading\">Metodologia Cient\u00edfica<\/h3>\n\n\n\n<p><strong>Cr\u00e9ditos: 04<\/strong><\/p>\n\n\n\n<p><strong>Per\u00edodo:&nbsp;<\/strong>geralmente, no 2\u00ba semestre&nbsp;<\/p>\n\n\n\n<p><strong>Carga Hor\u00e1ria: 60 horas<\/strong><\/p>\n\n\n\n<p><strong>Docente: Profa. Dra.&nbsp;Patr\u00edcia Alessandra Bersanetti<\/strong><\/p>\n\n\n\n<p>Coordena\u00e7\u00e3o: Profa. Dra. Francis Meire Favero, Profa. Dra. Patricia Alessandra Bersanetti e Dr. Rossen Mihaylov Hazarbassanov<\/p>\n\n\n\n<p><strong>Ementa:&nbsp;<\/strong>A disciplina de metodologia cient\u00edfica visa auxiliar o aluno da p\u00f3s-gradua\u00e7\u00e3o a elaborar o protocolo de sua pesquisa, bem como, desenvolver o seu trabalho dentro dos princ\u00edpios \u00e9ticos e utilizando a metodologia cient\u00edfica adequada. Dar\u00e1 uma introdu\u00e7\u00e3o \u00e0 pr\u00e1tica de pesquisa acad\u00eamica em medicina, dando destaque, atrav\u00e9s de trabalho com textos espec\u00edficos, as quest\u00f5es t\u00e9cnicas e metodol\u00f3gicas.<\/p>\n\n\n\n<p><strong>Bibliografia:<\/strong><\/p>\n\n\n\n<p><strong>B\u00e1sica:<\/strong> Normas para teses e disserta\u00e7\u00f5es [Internet]. 2a ed. rev. e corrigida. S\u00e3o Paulo: Universidade Federal de S\u00e3o Paulo, Biblioteca Ant\u00f4nio Rubino de Azevedo, Coordena\u00e7\u00e3o de Cursos, 2015. Available from: http:\/\/www.bibliotecacsp.unifesp.br\/Documentos-Apostila\/normas-para-teses-e-dissertacoes, em 01\/12\/2018.<\/p>\n\n\n\n<p>Toassi RFC, Petry PC. Metodologia cient\u00edfica aplicada \u00e0 \u00e1rea da sa\u00fade [recurso eletr\u00f4nico]. Porto Alegre: UFRGS, 2014.<\/p>\n\n\n\n<p>Galv\u00e3o Filho, Te\u00f3filo Alves. Tecnologia assistiva para uma escola inclusiva: apropria\u00e7\u00e3o, demanda e perspectivas. Salvador: Programa de P\u00f3s-Gradua\u00e7\u00e3o em Educa\u00e7\u00e3o da UFBA, 2009. Available from: http:\/\/repositorio.ufba.br\/ri\/handle\/ri\/10563, em 01\/12\/2018.<\/p>\n\n\n\n<p><strong>Complementar:<\/strong><\/p>\n\n\n\n<ul class=\"wp-block-list\">\n<li><a href=\"https:\/\/www.capes.gov.br\/\" target=\"_blank\" rel=\"noreferrer noopener\">https:\/\/www.capes.gov.br\/<\/a><\/li>\n\n\n\n<li><a href=\"http:\/\/avaliacaoquadrienal.capes.gov.br\/legislacao\" target=\"_blank\" rel=\"noreferrer noopener\">http:\/\/avaliacaoquadrienal.capes.gov.br\/legislacao<\/a><\/li>\n\n\n\n<li><a href=\"http:\/\/www.capes.gov.br\/avaliacao\/sobre-a-avaliacao\/mestrado-profissional-o-que-e\" target=\"_blank\" rel=\"noreferrer noopener\">http:\/\/www.capes.gov.br\/avaliacao\/sobre-a-avaliacao\/mestrado-profissional-o-que-e<\/a><\/li>\n\n\n\n<li><a href=\"http:\/\/www.capes.gov.br\/images\/stories\/download\/legislacao\/24032017-PORTARIA-No-389-DE-23-DE-MARCO-DE-2017.pdf\" target=\"_blank\" rel=\"noreferrer noopener\">http:\/\/www.capes.gov.br\/images\/stories\/download\/legislacao\/24032017-PORTARIA-No-389-DE-23-DE-MARCO-DE-2017.pdf<\/a><\/li>\n\n\n\n<li><a href=\"https:\/\/pg.oftalmodapaulista.com.br\/mp\/\" target=\"_blank\" rel=\"noreferrer noopener\">https:\/\/pg.oftalmodapaulista.com.br\/mp\/<\/a><\/li>\n<\/ul>\n\n\n\n<h3 class=\"wp-block-heading\">Dia da Pesquisa<\/h3>\n\n\n\n<p><strong>Cr\u00e9ditos: 02<\/strong><\/p>\n\n\n\n<p><strong>Per\u00edodo:<\/strong>&nbsp;Anual<\/p>\n\n\n\n<p><strong>Carga Hor\u00e1ria: 30 horas<\/strong><\/p>\n\n\n\n<p><strong>Docentes:&nbsp;<\/strong>Todos orientadores do Programa<\/p>\n\n\n\n<p><strong>Ementa:<\/strong>&nbsp;O objetivo do \u201cDia da Pesquisa do Mestrado Profissional\u201d em Oftalmologia e Ci\u00eancias Visuais \u00e9 expor publicamente os trabalhos cient\u00edficos dos seus p\u00f3s-graduandos.&nbsp; Al\u00e9m das cr\u00edticas e sugest\u00f5es recebidas pelos participantes deste evento, os mestrandos ter\u00e3o suas pesquisas avaliadas pelos professores orientadores do Programa de Mestrado Profissional.<\/p>\n\n\n\n<h3 class=\"wp-block-heading\">Fundamentos do Mestrado Profissional<\/h3>\n\n\n\n<p><strong>Professores Respons\u00e1veis:<\/strong><\/p>\n\n\n\n<ul class=\"wp-block-list\">\n<li>Prof. Dr. Jos\u00e9 \u00c1lvaro Pereira Gomes<\/li>\n\n\n\n<li>Profa. Dra. Marcia Rocha Monteiro<\/li>\n<\/ul>\n\n\n\n<p><strong>Periodicidade:<\/strong>&nbsp;1 vez por&nbsp;ano<\/p>\n\n\n\n<p><strong>Carga hor\u00e1ria total:<\/strong>&nbsp;30 horas&nbsp; (Carga Hor\u00e1ria p\/ te\u00f3rica (em %): 60% Carga Hor\u00e1ria p\/ pr\u00e1tica (em %): 40%)<\/p>\n\n\n\n<p><strong>Cr\u00e9ditos: 02<\/strong><\/p>\n\n\n\n<p>Disciplina obrigat\u00f3ria para matr\u00edculas feitas a partir de 01\/10\/2019.<br>Sempre de Sexta-feira das 18h \u00e0s 21h e S\u00e1bado: das 08h \u00e0s 16h<br>N\u00famero de Vagas: 30<\/p>\n\n\n\n<p><strong>Objetivos<\/strong><\/p>\n\n\n\n<p><strong>Geral:<\/strong><\/p>\n\n\n\n<ul class=\"wp-block-list\">\n<li>Subsidiar profissionais e todas as \u00e1reas do conhecimento nos t\u00f3picos b\u00e1sicos relacionados ao Programa de P\u00f3s-gradua\u00e7\u00e3o de Mestrado Profissional.<\/li>\n<\/ul>\n\n\n\n<p><strong>Espec\u00edficos:<\/strong><\/p>\n\n\n\n<ul class=\"wp-block-list\">\n<li>Apresentar a estrutura dos Mestrados Profissionais (MPs) e os requisitos da CAPES para seu funcionamento e avalia\u00e7\u00e3o.<\/li>\n\n\n\n<li>Apresentar o Programa do MP Tecnologia, Gest\u00e3o e Sa\u00fade Ocular, detalhando sus \u00e1reas de concentra\u00e7\u00e3o e linhas de pesquisas.<\/li>\n\n\n\n<li>Introduzir no\u00e7\u00f5es sobre tipos de pesquisas e metodologia aplicada.<\/li>\n\n\n\n<li>Discutir temas de pesquisas e de desenvolvimento de produtos.<\/li>\n\n\n\n<li>Orientar o aluno do MP em rela\u00e7\u00e3o \u00e0s suas obriga\u00e7\u00f5es, produtos e defesa.<\/li>\n<\/ul>\n\n\n\n<p><strong>Ementa:<\/strong><\/p>\n\n\n\n<p>Conceitos de P\u00f3s-Gradua\u00e7\u00e3o, classifica\u00e7\u00e3o Lato Sensu e Stricto Sensu e Diretrizes da CAPES. Mestrado Profissional (MP) e Inova\u00e7\u00e3o em Sa\u00fade Ocular. Pesquisa e Metodologia Aplicada e Temas de Pesquisas com foco no Mercado Profissional; Requisitos para ingresso no MP (TGSO).<\/p>\n\n\n\n<p><strong>Conte\u00fado Program\u00e1tico:<\/strong><\/p>\n\n\n\n<p>Parte Te\u00f3rica: conte\u00fado<\/p>\n\n\n\n<p>Metodologia de Ensino Utilizada:<\/p>\n\n\n\n<p>Aulas expositivas subsidiadas por bibliografia especializada, estudos de casos pr\u00e1ticos e artigos cient\u00edficos relacionados \u00e0s \u00e1reas de atua\u00e7\u00e3o dos participantes do curso.<\/p>\n\n\n\n<p>Atividades pr\u00e1tica de aplica\u00e7\u00e3o dos conceitos adquiridos. Os exerc\u00edcios pr\u00e1ticos s\u00e3o elaborados mediante a avalia\u00e7\u00e3o da experi\u00eancia pessoal de cada aluno ou pela prefer\u00eancia de um tema em definido pelo grupo.<\/p>\n\n\n\n<p><strong>Avalia\u00e7\u00e3o:<\/strong><\/p>\n\n\n\n<ul class=\"wp-block-list\">\n<li>Discuss\u00f5es e din\u00e2mica de grupo<\/li>\n\n\n\n<li>Pr\u00e9-Projeto de Aplica\u00e7\u00e3o<\/li>\n<\/ul>\n\n\n\n<p><strong>Bibliografia:<\/strong><\/p>\n\n\n\n<p>B\u00e1sica:<\/p>\n\n\n\n<p>Normas para teses e disserta\u00e7\u00f5es [Internet]. 2a ed. rev. e corrigida. S\u00e3o Paulo: Universidade Federal de S\u00e3o Paulo, Biblioteca Ant\u00f4nio Rubino de Azevedo, Coordena\u00e7\u00e3o de Cursos, 2015. Available from: <a href=\"http:\/\/www.bibliotecacsp.unifesp.br\/Documentos-Apostila\/normas-para-teses-e-dissertacoes\" target=\"_blank\" rel=\"noreferrer noopener\">http:\/\/www.bibliotecacsp.unifesp.br\/Documentos-Apostila\/normas-para-teses-e-dissertacoes<\/a>, em 01\/12\/2018.<\/p>\n\n\n\n<p>Toassi RFC, Petry PC. Metodologia cient\u00edfica aplicada \u00e0 \u00e1rea da sa\u00fade [recurso eletr\u00f4nico]. Porto Alegre: UFRGS, 2014.<\/p>\n\n\n\n<p>Galv\u00e3o Filho, Te\u00f3filo Alves. Tecnologia assistiva para uma escola inclusiva: apropria\u00e7\u00e3o, demanda e perspectivas. Salvador: Programa de P\u00f3s-Gradua\u00e7\u00e3o em Educa\u00e7\u00e3o da UFBA, 2009. Available from:&nbsp; <a href=\"http:\/\/repositorio.ufba.br\/ri\/handle\/ri\/10563\" target=\"_blank\" rel=\"noreferrer noopener\">http:\/\/repositorio.ufba.br\/ri\/handle\/ri\/10563<\/a>, em 01\/12\/2018.<\/p>\n\n\n\n<p>Complementar:<\/p>\n\n\n\n<p><strong>Sites:<\/strong><\/p>\n\n\n\n<ul class=\"wp-block-list\">\n<li><a href=\"https:\/\/www.capes.gov.br\">https:\/\/www.capes.gov.br<\/a><\/li>\n\n\n\n<li><a href=\"http:\/\/avaliacaoquadrienal.capes.gov.br\/legislacao\" target=\"_blank\" rel=\"noreferrer noopener\">http:\/\/avaliacaoquadrienal.capes.gov.br\/legislacao<\/a><\/li>\n\n\n\n<li><a href=\"http:\/\/www.capes.gov.br\/avaliacao\/sobre-a-avaliacao\/mestrado-profissional-o-que-e\" target=\"_blank\" rel=\"noreferrer noopener\">http:\/\/www.capes.gov.br\/avaliacao\/sobre-a-avaliacao\/mestrado-profissional-o-que-e<\/a><\/li>\n\n\n\n<li><a href=\"http:\/\/www.capes.gov.br\/images\/stories\/download\/legislacao\/24032017-PORTARIA-No-389-DE-23-DE-MARCO-DE-2017.pdf\" target=\"_blank\" rel=\"noreferrer noopener\">http:\/\/www.capes.gov.br\/images\/stories\/download\/legislacao\/24032017-PORTARIA-No-389-DE-23-DE-MARCO-DE-2017.pdf<\/a><\/li>\n\n\n\n<li><a href=\"https:\/\/pg.oftalmodapaulista.com.br\/mp\">https:\/\/pg.oftalmodapaulista.com.br\/mp<\/a><\/li>\n<\/ul>\n\n\n\n<h3 class=\"wp-block-heading\">Disciplinas Optativas<\/h3>\n","protected":false},"excerpt":{"rendered":"<p>Bio\u00e9tica Cr\u00e9ditos: 02 Per\u00edodo: quatro turmas ao ano Carga Hor\u00e1ria: 30 horas (24 presenciais + 6 para trabalho extra classe em grupo)Docente:&nbsp;&nbsp;Prof. Dr. Alu\u00edsio Ser\u00f3dio Programa:&nbsp;O curso de \u201cBio\u00e9tica\u201d tem como objetivo principal capacitar estudantes de p\u00f3s-gradua\u00e7\u00e3o para&nbsp;a identifica\u00e7\u00e3o, discuss\u00e3o e tomada de decis\u00f5es frente a problemas \u00e9ticos relacionados aos cuidados com a sa\u00fade e [&hellip;]<\/p>\n","protected":false},"author":1,"featured_media":0,"parent":0,"menu_order":0,"comment_status":"closed","ping_status":"closed","template":"templates\/tp-disciplina.php","meta":{"_acf_changed":false,"footnotes":""},"class_list":["post-209","page","type-page","status-publish","hentry"],"acf":[],"yoast_head":"<!-- This site is optimized with the Yoast SEO plugin v27.4 - https:\/\/yoast.com\/product\/yoast-seo-wordpress\/ -->\n<title>Disciplinas - Mestrado Profissional em Tecnologia, Gest\u00e3o e Sa\u00fade Ocular da UNIFESP<\/title>\n<meta name=\"robots\" content=\"index, follow, max-snippet:-1, max-image-preview:large, max-video-preview:-1\" \/>\n<link rel=\"canonical\" href=\"https:\/\/pg.oftalmodapaulista.com.br\/mp\/disciplinas\/\" \/>\n<meta property=\"og:locale\" content=\"pt_BR\" \/>\n<meta property=\"og:type\" content=\"article\" \/>\n<meta property=\"og:title\" content=\"Disciplinas - Mestrado Profissional em Tecnologia, Gest\u00e3o e Sa\u00fade Ocular da UNIFESP\" \/>\n<meta property=\"og:description\" content=\"Bio\u00e9tica Cr\u00e9ditos: 02 Per\u00edodo: quatro turmas ao ano Carga Hor\u00e1ria: 30 horas (24 presenciais + 6 para trabalho extra classe em grupo)Docente:&nbsp;&nbsp;Prof. Dr. Alu\u00edsio Ser\u00f3dio Programa:&nbsp;O curso de \u201cBio\u00e9tica\u201d tem como objetivo principal capacitar estudantes de p\u00f3s-gradua\u00e7\u00e3o para&nbsp;a identifica\u00e7\u00e3o, discuss\u00e3o e tomada de decis\u00f5es frente a problemas \u00e9ticos relacionados aos cuidados com a sa\u00fade e [&hellip;]\" \/>\n<meta property=\"og:url\" content=\"https:\/\/pg.oftalmodapaulista.com.br\/mp\/disciplinas\/\" \/>\n<meta property=\"og:site_name\" content=\"Mestrado Profissional em Tecnologia, Gest\u00e3o e Sa\u00fade Ocular da UNIFESP\" \/>\n<meta property=\"article:modified_time\" content=\"2024-10-30T14:46:10+00:00\" \/>\n<meta name=\"twitter:card\" content=\"summary_large_image\" \/>\n<meta name=\"twitter:label1\" content=\"Est. tempo de leitura\" \/>\n\t<meta name=\"twitter:data1\" content=\"8 minutos\" \/>\n<script type=\"application\/ld+json\" class=\"yoast-schema-graph\">{\"@context\":\"https:\\\/\\\/schema.org\",\"@graph\":[{\"@type\":\"WebPage\",\"@id\":\"https:\\\/\\\/pg.oftalmodapaulista.com.br\\\/mp\\\/disciplinas\\\/\",\"url\":\"https:\\\/\\\/pg.oftalmodapaulista.com.br\\\/mp\\\/disciplinas\\\/\",\"name\":\"Disciplinas - Mestrado Profissional em Tecnologia, Gest\u00e3o e Sa\u00fade Ocular da UNIFESP\",\"isPartOf\":{\"@id\":\"https:\\\/\\\/pg.oftalmodapaulista.com.br\\\/mp\\\/#website\"},\"datePublished\":\"2024-10-30T13:15:37+00:00\",\"dateModified\":\"2024-10-30T14:46:10+00:00\",\"breadcrumb\":{\"@id\":\"https:\\\/\\\/pg.oftalmodapaulista.com.br\\\/mp\\\/disciplinas\\\/#breadcrumb\"},\"inLanguage\":\"pt-BR\",\"potentialAction\":[{\"@type\":\"ReadAction\",\"target\":[\"https:\\\/\\\/pg.oftalmodapaulista.com.br\\\/mp\\\/disciplinas\\\/\"]}]},{\"@type\":\"BreadcrumbList\",\"@id\":\"https:\\\/\\\/pg.oftalmodapaulista.com.br\\\/mp\\\/disciplinas\\\/#breadcrumb\",\"itemListElement\":[{\"@type\":\"ListItem\",\"position\":1,\"name\":\"In\u00edcio\",\"item\":\"https:\\\/\\\/pg.oftalmodapaulista.com.br\\\/mp\\\/\"},{\"@type\":\"ListItem\",\"position\":2,\"name\":\"Disciplinas\"}]},{\"@type\":\"WebSite\",\"@id\":\"https:\\\/\\\/pg.oftalmodapaulista.com.br\\\/mp\\\/#website\",\"url\":\"https:\\\/\\\/pg.oftalmodapaulista.com.br\\\/mp\\\/\",\"name\":\"Mestrado Profissional em Tecnologia, Gest\u00e3o e Sa\u00fade Ocular da UNIFESP\",\"description\":\"\",\"potentialAction\":[{\"@type\":\"SearchAction\",\"target\":{\"@type\":\"EntryPoint\",\"urlTemplate\":\"https:\\\/\\\/pg.oftalmodapaulista.com.br\\\/mp\\\/?s={search_term_string}\"},\"query-input\":{\"@type\":\"PropertyValueSpecification\",\"valueRequired\":true,\"valueName\":\"search_term_string\"}}],\"inLanguage\":\"pt-BR\"}]}<\/script>\n<!-- \/ Yoast SEO plugin. -->","yoast_head_json":{"title":"Disciplinas - Mestrado Profissional em Tecnologia, Gest\u00e3o e Sa\u00fade Ocular da UNIFESP","robots":{"index":"index","follow":"follow","max-snippet":"max-snippet:-1","max-image-preview":"max-image-preview:large","max-video-preview":"max-video-preview:-1"},"canonical":"https:\/\/pg.oftalmodapaulista.com.br\/mp\/disciplinas\/","og_locale":"pt_BR","og_type":"article","og_title":"Disciplinas - Mestrado Profissional em Tecnologia, Gest\u00e3o e Sa\u00fade Ocular da UNIFESP","og_description":"Bio\u00e9tica Cr\u00e9ditos: 02 Per\u00edodo: quatro turmas ao ano Carga Hor\u00e1ria: 30 horas (24 presenciais + 6 para trabalho extra classe em grupo)Docente:&nbsp;&nbsp;Prof. Dr. Alu\u00edsio Ser\u00f3dio Programa:&nbsp;O curso de \u201cBio\u00e9tica\u201d tem como objetivo principal capacitar estudantes de p\u00f3s-gradua\u00e7\u00e3o para&nbsp;a identifica\u00e7\u00e3o, discuss\u00e3o e tomada de decis\u00f5es frente a problemas \u00e9ticos relacionados aos cuidados com a sa\u00fade e [&hellip;]","og_url":"https:\/\/pg.oftalmodapaulista.com.br\/mp\/disciplinas\/","og_site_name":"Mestrado Profissional em Tecnologia, Gest\u00e3o e Sa\u00fade Ocular da UNIFESP","article_modified_time":"2024-10-30T14:46:10+00:00","twitter_card":"summary_large_image","twitter_misc":{"Est. tempo de leitura":"8 minutos"},"schema":{"@context":"https:\/\/schema.org","@graph":[{"@type":"WebPage","@id":"https:\/\/pg.oftalmodapaulista.com.br\/mp\/disciplinas\/","url":"https:\/\/pg.oftalmodapaulista.com.br\/mp\/disciplinas\/","name":"Disciplinas - Mestrado Profissional em Tecnologia, Gest\u00e3o e Sa\u00fade Ocular da UNIFESP","isPartOf":{"@id":"https:\/\/pg.oftalmodapaulista.com.br\/mp\/#website"},"datePublished":"2024-10-30T13:15:37+00:00","dateModified":"2024-10-30T14:46:10+00:00","breadcrumb":{"@id":"https:\/\/pg.oftalmodapaulista.com.br\/mp\/disciplinas\/#breadcrumb"},"inLanguage":"pt-BR","potentialAction":[{"@type":"ReadAction","target":["https:\/\/pg.oftalmodapaulista.com.br\/mp\/disciplinas\/"]}]},{"@type":"BreadcrumbList","@id":"https:\/\/pg.oftalmodapaulista.com.br\/mp\/disciplinas\/#breadcrumb","itemListElement":[{"@type":"ListItem","position":1,"name":"In\u00edcio","item":"https:\/\/pg.oftalmodapaulista.com.br\/mp\/"},{"@type":"ListItem","position":2,"name":"Disciplinas"}]},{"@type":"WebSite","@id":"https:\/\/pg.oftalmodapaulista.com.br\/mp\/#website","url":"https:\/\/pg.oftalmodapaulista.com.br\/mp\/","name":"Mestrado Profissional em Tecnologia, Gest\u00e3o e Sa\u00fade Ocular da UNIFESP","description":"","potentialAction":[{"@type":"SearchAction","target":{"@type":"EntryPoint","urlTemplate":"https:\/\/pg.oftalmodapaulista.com.br\/mp\/?s={search_term_string}"},"query-input":{"@type":"PropertyValueSpecification","valueRequired":true,"valueName":"search_term_string"}}],"inLanguage":"pt-BR"}]}},"_links":{"self":[{"href":"https:\/\/pg.oftalmodapaulista.com.br\/mp\/wp-json\/wp\/v2\/pages\/209","targetHints":{"allow":["GET"]}}],"collection":[{"href":"https:\/\/pg.oftalmodapaulista.com.br\/mp\/wp-json\/wp\/v2\/pages"}],"about":[{"href":"https:\/\/pg.oftalmodapaulista.com.br\/mp\/wp-json\/wp\/v2\/types\/page"}],"author":[{"embeddable":true,"href":"https:\/\/pg.oftalmodapaulista.com.br\/mp\/wp-json\/wp\/v2\/users\/1"}],"replies":[{"embeddable":true,"href":"https:\/\/pg.oftalmodapaulista.com.br\/mp\/wp-json\/wp\/v2\/comments?post=209"}],"version-history":[{"count":6,"href":"https:\/\/pg.oftalmodapaulista.com.br\/mp\/wp-json\/wp\/v2\/pages\/209\/revisions"}],"predecessor-version":[{"id":236,"href":"https:\/\/pg.oftalmodapaulista.com.br\/mp\/wp-json\/wp\/v2\/pages\/209\/revisions\/236"}],"wp:attachment":[{"href":"https:\/\/pg.oftalmodapaulista.com.br\/mp\/wp-json\/wp\/v2\/media?parent=209"}],"curies":[{"name":"wp","href":"https:\/\/api.w.org\/{rel}","templated":true}]}}